{"id":59,"date":"2013-09-03T20:21:00","date_gmt":"2013-09-03T18:21:00","guid":{"rendered":"http:\/\/frick.fr\/ldl\/?page_id=59"},"modified":"2020-09-01T20:06:01","modified_gmt":"2020-09-01T18:06:01","slug":"accueil","status":"publish","type":"page","link":"https:\/\/frick.fr\/ldl\/","title":{"rendered":"Accueil"},"content":{"rendered":"<h3 style=\"text-align: justify;\"><span style=\"font-family: arial,helvetica,sans-serif; color: #000000;\">Amis du Pays Bigouden bonjour !<\/span><\/h3>\n<p style=\"text-align: justify;\"><span style=\"font-family: arial,helvetica,sans-serif;\"><span style=\"font-size: medium;\"><a href=\"http:\/\/frick.fr\/ldl\/accueil\/drapeau_pays_bigouden\/\" rel=\"attachment wp-att-87\"><img loading=\"lazy\" decoding=\"async\" class=\"alignleft size-full wp-image-87\" src=\"http:\/\/frick.fr\/ldl\/wp-content\/uploads\/2013\/09\/Drapeau_Pays_Bigouden.png\" alt=\"Drapeau_Pays_Bigouden\" width=\"250\" height=\"150\" \/><\/a><span style=\"font-size: 12pt; color: #000000;\">Pour tous les amis du Pays Bigouden voici quelques images de cette merveilleuse r\u00e9gion !!<\/span><\/span><\/span><\/p>\n<p style=\"text-align: justify;\"><span style=\"font-family: arial,helvetica,sans-serif; color: #000000;\" data-mce-mark=\"1\"><span style=\"font-size: 12pt;\">Le\u00a0<b>Pays Bigouden<\/b>, qui compte environ\u00a050\u00a0000\u00a0habitants, n&rsquo;a pas de r\u00e9alit\u00e9 administrative. C&rsquo;est un\u00a0<strong><i>bro<\/i><\/strong>, c&rsquo;est-\u00e0-dire un pays, un\u00a0terroir\u00a0o\u00f9 un groupe social se distingue de ses voisins par ses traditions\u00a0: costume, danses, chants, musique, parler, \u00e9conomie, croyances, coutumes, usages du quotidien, architecture, gastronomie\u00a0etc.<\/span><br \/>\n<\/span><\/p>\n<p style=\"text-align: justify;\"><span style=\"font-family: arial,helvetica,sans-serif; font-size: 12pt; color: #000000;\" data-mce-mark=\"1\">Formant la pointe sud-ouest de la Bretagne, le pays Bigouden est baign\u00e9 par la\u00a0<a href=\"http:\/\/fr.wikipedia.org\/wiki\/Mer_Celtique\" target=\"_blank\" rel=\"noopener noreferrer\">mer Celtique<\/a>\u00a0\u00e0 l&rsquo;ouest et par le\u00a0<a href=\"http:\/\/fr.wikipedia.org\/wiki\/Golfe_de_Gascogne\" target=\"_blank\" rel=\"noopener noreferrer\">golfe de Gascogne<\/a>\u00a0au sud. Il est limit\u00e9 au sud-est par l&#8217;embouchure de l&rsquo;<a href=\"http:\/\/fr.wikipedia.org\/wiki\/Odet\" target=\"_blank\" rel=\"noopener noreferrer\">Odet<\/a>\u00a0et l&rsquo;anse de\u00a0<a href=\"http:\/\/fr.wikipedia.org\/wiki\/Combrit\" target=\"_blank\" rel=\"noopener noreferrer\">Combrit<\/a>.<\/span><\/p>\n<p style=\"text-align: justify;\"><span style=\"font-family: arial,helvetica,sans-serif; font-size: 12pt; color: #000000;\" data-mce-mark=\"1\">N&rsquo;h\u00e9sitez pas \u00e0 vous balader dans les diff\u00e9rentes pages que j&rsquo;ai mis \u00e0 votre disposition, ni \u00e0 les commenter, je serai ravi d&rsquo;\u00e9changer avec vous.<\/span><\/p>\n<p style=\"text-align: justify;\"><span style=\"font-family: arial,helvetica,sans-serif; font-size: 12pt; color: #000000;\">De plus si vous avez d&rsquo;autres photos ou films, ou m\u00eame un autre lieu que je n&rsquo;ai pas abord\u00e9, que vous voulez publier fa\u00eetes les moi parvenir je m&rsquo;en chargerai avec plaisir.<\/span><\/p>\n<p style=\"text-align: justify;\"><span style=\"font-family: arial,helvetica,sans-serif; font-size: 12pt;\"><span style=\"color: #000000;\">Toutes les photos du sites sont r\u00e9serv\u00e9es \u00e0 nos <a href=\"https:\/\/frick.fr\/ldl\/z-gestion-des-comptes\/connexion\/\"><strong>membres<\/strong><\/a>, n&rsquo;h\u00e9sitez donc pas \u00e0 vous<\/span> <strong><a href=\"https:\/\/frick.fr\/ldl\/z-gestion-des-comptes\/creer-un-compte\/\">inscrire<\/a> <\/strong>!!!<\/span><\/p>\n<p style=\"text-align: justify;\"><span style=\"font-family: arial,helvetica,sans-serif; font-size: 12pt;\"><span style=\"color: #000000;\"><strong>Bruno<\/strong><\/span>.<\/span><\/p>\n<p style=\"text-align: justify;\"><span style=\"font-family: arial,helvetica,sans-serif;\" data-mce-mark=\"1\">\u00a0<\/span><\/p>\n","protected":false},"excerpt":{"rendered":"<p>Amis du Pays Bigouden bonjour ! Pour tous les amis du Pays Bigouden voici quelques images de cette merveilleuse r\u00e9gion !! Le\u00a0Pays Bigouden, qui compte environ\u00a050\u00a0000\u00a0habitants, n&rsquo;a pas de r\u00e9alit\u00e9 administrative. C&rsquo;est un\u00a0bro, c&rsquo;est-\u00e0-dire un pays, un\u00a0terroir\u00a0o\u00f9 un groupe social&hellip; <\/p>\n","protected":false},"author":8,"featured_media":0,"parent":0,"menu_order":0,"comment_status":"closed","ping_status":"closed","template":"","meta":{"footnotes":""},"class_list":["post-59","page","type-page","status-publish","hentry"],"_links":{"self":[{"href":"https:\/\/frick.fr\/ldl\/wp-json\/wp\/v2\/pages\/59","targetHints":{"allow":["GET"]}}],"collection":[{"href":"https:\/\/frick.fr\/ldl\/wp-json\/wp\/v2\/pages"}],"about":[{"href":"https:\/\/frick.fr\/ldl\/wp-json\/wp\/v2\/types\/page"}],"author":[{"embeddable":true,"href":"https:\/\/frick.fr\/ldl\/wp-json\/wp\/v2\/users\/8"}],"replies":[{"embeddable":true,"href":"https:\/\/frick.fr\/ldl\/wp-json\/wp\/v2\/comments?post=59"}],"version-history":[{"count":4,"href":"https:\/\/frick.fr\/ldl\/wp-json\/wp\/v2\/pages\/59\/revisions"}],"predecessor-version":[{"id":382,"href":"https:\/\/frick.fr\/ldl\/wp-json\/wp\/v2\/pages\/59\/revisions\/382"}],"wp:attachment":[{"href":"https:\/\/frick.fr\/ldl\/wp-json\/wp\/v2\/media?parent=59"}],"curies":[{"name":"wp","href":"https:\/\/api.w.org\/{rel}","templated":true}]}}