{"id":205,"date":"2015-05-25T09:45:30","date_gmt":"2015-05-25T07:45:30","guid":{"rendered":"http:\/\/frick.fr\/ldl\/?page_id=205"},"modified":"2020-09-01T19:54:21","modified_gmt":"2020-09-01T17:54:21","slug":"modifier-votre-mot-de-passe","status":"publish","type":"page","link":"https:\/\/frick.fr\/ldl\/z-gestion-des-comptes\/modifier-votre-mot-de-passe\/","title":{"rendered":"Modifier votre mot de passe"},"content":{"rendered":"Vous devez \u00eatre connect\u00e9 pour voir ce contenu.","protected":false},"excerpt":{"rendered":"Vous devez \u00eatre connect\u00e9 pour voir ce contenu.","protected":false},"author":8,"featured_media":0,"parent":199,"menu_order":904,"comment_status":"closed","ping_status":"closed","template":"","meta":{"footnotes":""},"class_list":["post-205","page","type-page","status-publish","hentry"],"_links":{"self":[{"href":"https:\/\/frick.fr\/ldl\/wp-json\/wp\/v2\/pages\/205","targetHints":{"allow":["GET"]}}],"collection":[{"href":"https:\/\/frick.fr\/ldl\/wp-json\/wp\/v2\/pages"}],"about":[{"href":"https:\/\/frick.fr\/ldl\/wp-json\/wp\/v2\/types\/page"}],"author":[{"embeddable":true,"href":"https:\/\/frick.fr\/ldl\/wp-json\/wp\/v2\/users\/8"}],"replies":[{"embeddable":true,"href":"https:\/\/frick.fr\/ldl\/wp-json\/wp\/v2\/comments?post=205"}],"version-history":[{"count":3,"href":"https:\/\/frick.fr\/ldl\/wp-json\/wp\/v2\/pages\/205\/revisions"}],"predecessor-version":[{"id":378,"href":"https:\/\/frick.fr\/ldl\/wp-json\/wp\/v2\/pages\/205\/revisions\/378"}],"up":[{"embeddable":true,"href":"https:\/\/frick.fr\/ldl\/wp-json\/wp\/v2\/pages\/199"}],"wp:attachment":[{"href":"https:\/\/frick.fr\/ldl\/wp-json\/wp\/v2\/media?parent=205"}],"curies":[{"name":"wp","href":"https:\/\/api.w.org\/{rel}","templated":true}]}}