{"id":105,"date":"2013-09-04T13:06:58","date_gmt":"2013-09-04T11:06:58","guid":{"rendered":"http:\/\/frick.fr\/ldl\/?page_id=105"},"modified":"2020-09-01T19:23:31","modified_gmt":"2020-09-01T17:23:31","slug":"sainte-marine","status":"publish","type":"page","link":"https:\/\/frick.fr\/ldl\/sainte-marine\/","title":{"rendered":"Sainte Marine"},"content":{"rendered":"Vous devez \u00eatre connect\u00e9 pour voir ce contenu.","protected":false},"excerpt":{"rendered":"Vous devez \u00eatre connect\u00e9 pour voir ce contenu.","protected":false},"author":8,"featured_media":240,"parent":0,"menu_order":80,"comment_status":"closed","ping_status":"closed","template":"","meta":{"footnotes":""},"class_list":["post-105","page","type-page","status-publish","has-post-thumbnail","hentry"],"_links":{"self":[{"href":"https:\/\/frick.fr\/ldl\/wp-json\/wp\/v2\/pages\/105","targetHints":{"allow":["GET"]}}],"collection":[{"href":"https:\/\/frick.fr\/ldl\/wp-json\/wp\/v2\/pages"}],"about":[{"href":"https:\/\/frick.fr\/ldl\/wp-json\/wp\/v2\/types\/page"}],"author":[{"embeddable":true,"href":"https:\/\/frick.fr\/ldl\/wp-json\/wp\/v2\/users\/8"}],"replies":[{"embeddable":true,"href":"https:\/\/frick.fr\/ldl\/wp-json\/wp\/v2\/comments?post=105"}],"version-history":[{"count":5,"href":"https:\/\/frick.fr\/ldl\/wp-json\/wp\/v2\/pages\/105\/revisions"}],"predecessor-version":[{"id":324,"href":"https:\/\/frick.fr\/ldl\/wp-json\/wp\/v2\/pages\/105\/revisions\/324"}],"wp:featuredmedia":[{"embeddable":true,"href":"https:\/\/frick.fr\/ldl\/wp-json\/wp\/v2\/media\/240"}],"wp:attachment":[{"href":"https:\/\/frick.fr\/ldl\/wp-json\/wp\/v2\/media?parent=105"}],"curies":[{"name":"wp","href":"https:\/\/api.w.org\/{rel}","templated":true}]}}