{"id":102,"date":"2013-09-04T13:06:18","date_gmt":"2013-09-04T11:06:18","guid":{"rendered":"http:\/\/frick.fr\/ldl\/?page_id=102"},"modified":"2019-02-23T14:21:29","modified_gmt":"2019-02-23T13:21:29","slug":"la-torche","status":"publish","type":"page","link":"https:\/\/frick.fr\/ldl\/la-torche\/","title":{"rendered":"La Torche"},"content":{"rendered":"Vous devez \u00eatre connect\u00e9 pour voir ce contenu.","protected":false},"excerpt":{"rendered":"Vous devez \u00eatre connect\u00e9 pour voir ce contenu.","protected":false},"author":8,"featured_media":251,"parent":0,"menu_order":30,"comment_status":"closed","ping_status":"closed","template":"","meta":{"footnotes":""},"class_list":["post-102","page","type-page","status-publish","has-post-thumbnail","hentry"],"_links":{"self":[{"href":"https:\/\/frick.fr\/ldl\/wp-json\/wp\/v2\/pages\/102","targetHints":{"allow":["GET"]}}],"collection":[{"href":"https:\/\/frick.fr\/ldl\/wp-json\/wp\/v2\/pages"}],"about":[{"href":"https:\/\/frick.fr\/ldl\/wp-json\/wp\/v2\/types\/page"}],"author":[{"embeddable":true,"href":"https:\/\/frick.fr\/ldl\/wp-json\/wp\/v2\/users\/8"}],"replies":[{"embeddable":true,"href":"https:\/\/frick.fr\/ldl\/wp-json\/wp\/v2\/comments?post=102"}],"version-history":[{"count":5,"href":"https:\/\/frick.fr\/ldl\/wp-json\/wp\/v2\/pages\/102\/revisions"}],"predecessor-version":[{"id":322,"href":"https:\/\/frick.fr\/ldl\/wp-json\/wp\/v2\/pages\/102\/revisions\/322"}],"wp:featuredmedia":[{"embeddable":true,"href":"https:\/\/frick.fr\/ldl\/wp-json\/wp\/v2\/media\/251"}],"wp:attachment":[{"href":"https:\/\/frick.fr\/ldl\/wp-json\/wp\/v2\/media?parent=102"}],"curies":[{"name":"wp","href":"https:\/\/api.w.org\/{rel}","templated":true}]}}