{"id":59,"date":"2019-03-22T19:20:15","date_gmt":"2019-03-22T18:20:15","guid":{"rendered":"http:\/\/www.frick.fr\/u_s_a\/?page_id=59"},"modified":"2020-09-25T10:11:54","modified_gmt":"2020-09-25T08:11:54","slug":"le-pays-cajun-et-les-bayous","status":"publish","type":"page","link":"http:\/\/frick.fr\/usa\/?page_id=59","title":{"rendered":"Le Pays Cajun et les Bayous"},"content":{"rendered":"<p style=\"text-align: justify;\">Le pays cajun, situ\u00e9 au sud de la Louisiane, est principalement habit\u00e9 par les descendants des colons fran\u00e7ais qui ont \u00e9t\u00e9 expuls\u00e9s d\u2019Acadie (la province canadienne du Nouveau-Brunswick) en 1763 apr\u00e8s la fin de la guerre de Sept ans entre la France et la Grande-Bretagne.<\/p>\n<p style=\"text-align: justify;\">On y rencontre encore des Anciens qui parlent un vieux fran\u00e7ais m\u00e2tin\u00e9 de cr\u00e9ole. Pour mieux comprendre cette culture, profitez des week-ends o\u00f9 les gens font la f\u00eate dans les bars et les th\u00e9\u00e2tres, o\u00f9 la musique cr\u00e9ole \u2013 accord\u00e9on et violon en t\u00eate \u2013 r\u00e9sonne. On se rend compte alors que cette culture n\u2019est pas pr\u00eate de dispara\u00eetre\u00a0 et il est recommand\u00e9 de d\u00e9guster les plats cajuns \u00ab classiques \u00bb \u00e0 basse d\u2019\u00e9crevisses et de crevettes frites.<\/p>\n<p style=\"text-align: justify;\">Qui dit \u00ab Louisiane \u00bb dit\u2026 bayous ! Ces mar\u00e9cages, qui s\u2019\u00e9tendent au sud de l\u2019\u00c9tat, sont constitu\u00e9s par un impressionnant r\u00e9seau de cours d\u2019eau tortueux qui abrite une flore et faune tr\u00e8s dense. Le paysage est ponctu\u00e9 d\u2019\u00e9normes cypr\u00e8s d\u00e9goulinant de mousse espagnole tandis que la faune, elle, ne peut laisser insensible : les c\u00e9l\u00e8bres alligators, mais aussi h\u00e9rons, cormorans, canards, aigle-p\u00eacheurs, tortues colonisent cet espace aux fronti\u00e8res floues\u2026 La visite en bateau des bayous est indispensable surtout quand elle assur\u00e9e par un chasseur d\u2019alligators au parler cr\u00e9ole aussi savoureux que riche en anecdotes&#8230;<\/p>\n<div class=\"su-custom-gallery su-custom-gallery-align-left su-custom-gallery-title-hover su-lightbox-gallery\"><div class=\"su-custom-gallery-slide\" style=\"width:150px;height:150px\"><a href=\"http:\/\/frick.fr\/usa\/wp-content\/uploads\/2020\/09\/frick_usa_319.jpg\" title=\"frick_usa_319\"><img loading=\"lazy\" decoding=\"async\" src=\"http:\/\/frick.fr\/usa\/wp-content\/uploads\/2020\/09\/frick_usa_319-150x150.jpg\" alt=\"frick_usa_319\" width=\"150\" height=\"150\" \/><span class=\"su-custom-gallery-title\">frick_usa_319<\/span><\/a><\/div><div class=\"su-custom-gallery-slide\" style=\"width:150px;height:150px\"><a href=\"http:\/\/frick.fr\/usa\/wp-content\/uploads\/2020\/09\/frick_usa_318.jpg\" title=\"frick_usa_318\"><img loading=\"lazy\" decoding=\"async\" src=\"http:\/\/frick.fr\/usa\/wp-content\/uploads\/2020\/09\/frick_usa_318-150x150.jpg\" alt=\"frick_usa_318\" width=\"150\" height=\"150\" \/><span class=\"su-custom-gallery-title\">frick_usa_318<\/span><\/a><\/div><div class=\"su-custom-gallery-slide\" style=\"width:150px;height:150px\"><a href=\"http:\/\/frick.fr\/usa\/wp-content\/uploads\/2020\/09\/frick_usa_317.jpg\" title=\"frick_usa_317\"><img loading=\"lazy\" decoding=\"async\" src=\"http:\/\/frick.fr\/usa\/wp-content\/uploads\/2020\/09\/frick_usa_317-150x150.jpg\" alt=\"frick_usa_317\" width=\"150\" height=\"150\" \/><span class=\"su-custom-gallery-title\">frick_usa_317<\/span><\/a><\/div><div class=\"su-custom-gallery-slide\" style=\"width:150px;height:150px\"><a href=\"http:\/\/frick.fr\/usa\/wp-content\/uploads\/2020\/09\/frick_usa_316.jpg\" title=\"frick_usa_316\"><img loading=\"lazy\" decoding=\"async\" src=\"http:\/\/frick.fr\/usa\/wp-content\/uploads\/2020\/09\/frick_usa_316-150x150.jpg\" alt=\"frick_usa_316\" width=\"150\" height=\"150\" \/><span class=\"su-custom-gallery-title\">frick_usa_316<\/span><\/a><\/div><div class=\"su-custom-gallery-slide\" style=\"width:150px;height:150px\"><a href=\"http:\/\/frick.fr\/usa\/wp-content\/uploads\/2020\/09\/frick_usa_315.jpg\" title=\"frick_usa_315\"><img loading=\"lazy\" decoding=\"async\" src=\"http:\/\/frick.fr\/usa\/wp-content\/uploads\/2020\/09\/frick_usa_315-150x150.jpg\" alt=\"frick_usa_315\" width=\"150\" height=\"150\" \/><span class=\"su-custom-gallery-title\">frick_usa_315<\/span><\/a><\/div><div class=\"su-custom-gallery-slide\" style=\"width:150px;height:150px\"><a href=\"http:\/\/frick.fr\/usa\/wp-content\/uploads\/2020\/09\/frick_usa_314.jpg\" title=\"frick_usa_314\"><img loading=\"lazy\" decoding=\"async\" src=\"http:\/\/frick.fr\/usa\/wp-content\/uploads\/2020\/09\/frick_usa_314-150x150.jpg\" alt=\"frick_usa_314\" width=\"150\" height=\"150\" \/><span class=\"su-custom-gallery-title\">frick_usa_314<\/span><\/a><\/div><div class=\"su-custom-gallery-slide\" style=\"width:150px;height:150px\"><a href=\"http:\/\/frick.fr\/usa\/wp-content\/uploads\/2020\/09\/frick_usa_313.jpg\" title=\"frick_usa_313\"><img loading=\"lazy\" decoding=\"async\" src=\"http:\/\/frick.fr\/usa\/wp-content\/uploads\/2020\/09\/frick_usa_313-150x150.jpg\" alt=\"frick_usa_313\" width=\"150\" height=\"150\" \/><span class=\"su-custom-gallery-title\">frick_usa_313<\/span><\/a><\/div><div class=\"su-custom-gallery-slide\" style=\"width:150px;height:150px\"><a href=\"http:\/\/frick.fr\/usa\/wp-content\/uploads\/2020\/09\/frick_usa_312.jpg\" title=\"frick_usa_312\"><img loading=\"lazy\" decoding=\"async\" src=\"http:\/\/frick.fr\/usa\/wp-content\/uploads\/2020\/09\/frick_usa_312-150x150.jpg\" alt=\"frick_usa_312\" width=\"150\" height=\"150\" \/><span class=\"su-custom-gallery-title\">frick_usa_312<\/span><\/a><\/div><div class=\"su-custom-gallery-slide\" style=\"width:150px;height:150px\"><a href=\"http:\/\/frick.fr\/usa\/wp-content\/uploads\/2020\/09\/frick_usa_309.jpg\" title=\"frick_usa_309\"><img loading=\"lazy\" decoding=\"async\" src=\"http:\/\/frick.fr\/usa\/wp-content\/uploads\/2020\/09\/frick_usa_309-150x150.jpg\" alt=\"frick_usa_309\" width=\"150\" height=\"150\" \/><span class=\"su-custom-gallery-title\">frick_usa_309<\/span><\/a><\/div><div class=\"su-custom-gallery-slide\" style=\"width:150px;height:150px\"><a href=\"http:\/\/frick.fr\/usa\/wp-content\/uploads\/2020\/09\/frick_usa_308.jpg\" title=\"frick_usa_308\"><img loading=\"lazy\" decoding=\"async\" src=\"http:\/\/frick.fr\/usa\/wp-content\/uploads\/2020\/09\/frick_usa_308-150x150.jpg\" alt=\"frick_usa_308\" width=\"150\" height=\"150\" \/><span class=\"su-custom-gallery-title\">frick_usa_308<\/span><\/a><\/div><div class=\"su-custom-gallery-slide\" style=\"width:150px;height:150px\"><a href=\"http:\/\/frick.fr\/usa\/wp-content\/uploads\/2020\/09\/frick_usa_307.jpg\" title=\"frick_usa_307\"><img loading=\"lazy\" decoding=\"async\" src=\"http:\/\/frick.fr\/usa\/wp-content\/uploads\/2020\/09\/frick_usa_307-150x150.jpg\" alt=\"frick_usa_307\" width=\"150\" height=\"150\" \/><span class=\"su-custom-gallery-title\">frick_usa_307<\/span><\/a><\/div><div class=\"su-custom-gallery-slide\" style=\"width:150px;height:150px\"><a href=\"http:\/\/frick.fr\/usa\/wp-content\/uploads\/2020\/09\/frick_usa_306.jpg\" title=\"frick_usa_306\"><img loading=\"lazy\" decoding=\"async\" src=\"http:\/\/frick.fr\/usa\/wp-content\/uploads\/2020\/09\/frick_usa_306-150x150.jpg\" alt=\"frick_usa_306\" width=\"150\" height=\"150\" \/><span class=\"su-custom-gallery-title\">frick_usa_306<\/span><\/a><\/div><div class=\"su-custom-gallery-slide\" style=\"width:150px;height:150px\"><a href=\"http:\/\/frick.fr\/usa\/wp-content\/uploads\/2020\/09\/frick_usa_305.jpg\" title=\"frick_usa_305\"><img loading=\"lazy\" decoding=\"async\" src=\"http:\/\/frick.fr\/usa\/wp-content\/uploads\/2020\/09\/frick_usa_305-150x150.jpg\" alt=\"frick_usa_305\" width=\"150\" height=\"150\" \/><span class=\"su-custom-gallery-title\">frick_usa_305<\/span><\/a><\/div><div class=\"su-custom-gallery-slide\" style=\"width:150px;height:150px\"><a href=\"http:\/\/frick.fr\/usa\/wp-content\/uploads\/2020\/09\/frick_usa_304.jpg\" title=\"frick_usa_304\"><img loading=\"lazy\" decoding=\"async\" src=\"http:\/\/frick.fr\/usa\/wp-content\/uploads\/2020\/09\/frick_usa_304-150x150.jpg\" alt=\"frick_usa_304\" width=\"150\" height=\"150\" \/><span class=\"su-custom-gallery-title\">frick_usa_304<\/span><\/a><\/div><div class=\"su-custom-gallery-slide\" style=\"width:150px;height:150px\"><a href=\"http:\/\/frick.fr\/usa\/wp-content\/uploads\/2020\/09\/frick_usa_303.jpg\" title=\"frick_usa_303\"><img loading=\"lazy\" decoding=\"async\" src=\"http:\/\/frick.fr\/usa\/wp-content\/uploads\/2020\/09\/frick_usa_303-150x150.jpg\" alt=\"frick_usa_303\" width=\"150\" height=\"150\" \/><span class=\"su-custom-gallery-title\">frick_usa_303<\/span><\/a><\/div><div class=\"su-custom-gallery-slide\" style=\"width:150px;height:150px\"><a href=\"http:\/\/frick.fr\/usa\/wp-content\/uploads\/2020\/09\/frick_usa_302.jpg\" title=\"frick_usa_302\"><img loading=\"lazy\" decoding=\"async\" src=\"http:\/\/frick.fr\/usa\/wp-content\/uploads\/2020\/09\/frick_usa_302-150x150.jpg\" alt=\"frick_usa_302\" width=\"150\" height=\"150\" \/><span class=\"su-custom-gallery-title\">frick_usa_302<\/span><\/a><\/div><div class=\"su-custom-gallery-slide\" style=\"width:150px;height:150px\"><a href=\"http:\/\/frick.fr\/usa\/wp-content\/uploads\/2020\/09\/frick_usa_301.jpg\" title=\"frick_usa_301\"><img loading=\"lazy\" decoding=\"async\" src=\"http:\/\/frick.fr\/usa\/wp-content\/uploads\/2020\/09\/frick_usa_301-150x150.jpg\" alt=\"frick_usa_301\" width=\"150\" height=\"150\" \/><span class=\"su-custom-gallery-title\">frick_usa_301<\/span><\/a><\/div><div class=\"su-custom-gallery-slide\" style=\"width:150px;height:150px\"><a href=\"http:\/\/frick.fr\/usa\/wp-content\/uploads\/2020\/09\/frick_usa_300.jpg\" title=\"frick_usa_300\"><img loading=\"lazy\" decoding=\"async\" src=\"http:\/\/frick.fr\/usa\/wp-content\/uploads\/2020\/09\/frick_usa_300-150x150.jpg\" alt=\"frick_usa_300\" width=\"150\" height=\"150\" \/><span class=\"su-custom-gallery-title\">frick_usa_300<\/span><\/a><\/div><div class=\"su-custom-gallery-slide\" style=\"width:150px;height:150px\"><a href=\"http:\/\/frick.fr\/usa\/wp-content\/uploads\/2020\/09\/frick_usa_299.jpg\" title=\"frick_usa_299\"><img loading=\"lazy\" decoding=\"async\" src=\"http:\/\/frick.fr\/usa\/wp-content\/uploads\/2020\/09\/frick_usa_299-150x150.jpg\" alt=\"frick_usa_299\" width=\"150\" height=\"150\" \/><span class=\"su-custom-gallery-title\">frick_usa_299<\/span><\/a><\/div><div class=\"su-custom-gallery-slide\" style=\"width:150px;height:150px\"><a href=\"http:\/\/frick.fr\/usa\/wp-content\/uploads\/2020\/09\/frick_usa_298.jpg\" title=\"frick_usa_298\"><img loading=\"lazy\" decoding=\"async\" src=\"http:\/\/frick.fr\/usa\/wp-content\/uploads\/2020\/09\/frick_usa_298-150x150.jpg\" alt=\"frick_usa_298\" width=\"150\" height=\"150\" \/><span class=\"su-custom-gallery-title\">frick_usa_298<\/span><\/a><\/div><div class=\"su-custom-gallery-slide\" style=\"width:150px;height:150px\"><a href=\"http:\/\/frick.fr\/usa\/wp-content\/uploads\/2020\/09\/frick_usa_297.jpg\" title=\"frick_usa_297\"><img loading=\"lazy\" decoding=\"async\" src=\"http:\/\/frick.fr\/usa\/wp-content\/uploads\/2020\/09\/frick_usa_297-150x150.jpg\" alt=\"frick_usa_297\" width=\"150\" height=\"150\" \/><span class=\"su-custom-gallery-title\">frick_usa_297<\/span><\/a><\/div><div class=\"su-custom-gallery-slide\" style=\"width:150px;height:150px\"><a href=\"http:\/\/frick.fr\/usa\/wp-content\/uploads\/2020\/09\/frick_usa_296.jpg\" title=\"frick_usa_296\"><img loading=\"lazy\" decoding=\"async\" src=\"http:\/\/frick.fr\/usa\/wp-content\/uploads\/2020\/09\/frick_usa_296-150x150.jpg\" alt=\"frick_usa_296\" width=\"150\" height=\"150\" \/><span class=\"su-custom-gallery-title\">frick_usa_296<\/span><\/a><\/div><div class=\"su-custom-gallery-slide\" style=\"width:150px;height:150px\"><a href=\"http:\/\/frick.fr\/usa\/wp-content\/uploads\/2020\/09\/frick_usa_295.jpg\" title=\"frick_usa_295\"><img loading=\"lazy\" decoding=\"async\" src=\"http:\/\/frick.fr\/usa\/wp-content\/uploads\/2020\/09\/frick_usa_295-150x150.jpg\" alt=\"frick_usa_295\" width=\"150\" height=\"150\" \/><span class=\"su-custom-gallery-title\">frick_usa_295<\/span><\/a><\/div><div class=\"su-custom-gallery-slide\" style=\"width:150px;height:150px\"><a href=\"http:\/\/frick.fr\/usa\/wp-content\/uploads\/2020\/09\/frick_usa_294.jpg\" title=\"frick_usa_294\"><img loading=\"lazy\" decoding=\"async\" src=\"http:\/\/frick.fr\/usa\/wp-content\/uploads\/2020\/09\/frick_usa_294-150x150.jpg\" alt=\"frick_usa_294\" width=\"150\" height=\"150\" \/><span class=\"su-custom-gallery-title\">frick_usa_294<\/span><\/a><\/div><div class=\"su-custom-gallery-slide\" style=\"width:150px;height:150px\"><a href=\"http:\/\/frick.fr\/usa\/wp-content\/uploads\/2020\/09\/frick_usa_293.jpg\" title=\"frick_usa_293\"><img loading=\"lazy\" decoding=\"async\" src=\"http:\/\/frick.fr\/usa\/wp-content\/uploads\/2020\/09\/frick_usa_293-150x150.jpg\" alt=\"frick_usa_293\" width=\"150\" height=\"150\" \/><span class=\"su-custom-gallery-title\">frick_usa_293<\/span><\/a><\/div><div class=\"su-custom-gallery-slide\" style=\"width:150px;height:150px\"><a href=\"http:\/\/frick.fr\/usa\/wp-content\/uploads\/2020\/09\/frick_usa_292.jpg\" title=\"frick_usa_292\"><img loading=\"lazy\" decoding=\"async\" src=\"http:\/\/frick.fr\/usa\/wp-content\/uploads\/2020\/09\/frick_usa_292-150x150.jpg\" alt=\"frick_usa_292\" width=\"150\" height=\"150\" \/><span class=\"su-custom-gallery-title\">frick_usa_292<\/span><\/a><\/div><div class=\"su-custom-gallery-slide\" style=\"width:150px;height:150px\"><a href=\"http:\/\/frick.fr\/usa\/wp-content\/uploads\/2020\/09\/frick_usa_291.jpg\" title=\"frick_usa_291\"><img loading=\"lazy\" decoding=\"async\" src=\"http:\/\/frick.fr\/usa\/wp-content\/uploads\/2020\/09\/frick_usa_291-150x150.jpg\" alt=\"frick_usa_291\" width=\"150\" height=\"150\" \/><span class=\"su-custom-gallery-title\">frick_usa_291<\/span><\/a><\/div><div class=\"su-custom-gallery-slide\" style=\"width:150px;height:150px\"><a href=\"http:\/\/frick.fr\/usa\/wp-content\/uploads\/2020\/09\/frick_usa_290.jpg\" title=\"frick_usa_290\"><img loading=\"lazy\" decoding=\"async\" src=\"http:\/\/frick.fr\/usa\/wp-content\/uploads\/2020\/09\/frick_usa_290-150x150.jpg\" alt=\"frick_usa_290\" width=\"150\" height=\"150\" \/><span class=\"su-custom-gallery-title\">frick_usa_290<\/span><\/a><\/div><div class=\"su-custom-gallery-slide\" style=\"width:150px;height:150px\"><a href=\"http:\/\/frick.fr\/usa\/wp-content\/uploads\/2020\/09\/frick_usa_289.jpg\" title=\"frick_usa_289\"><img loading=\"lazy\" decoding=\"async\" src=\"http:\/\/frick.fr\/usa\/wp-content\/uploads\/2020\/09\/frick_usa_289-150x150.jpg\" alt=\"frick_usa_289\" width=\"150\" height=\"150\" \/><span class=\"su-custom-gallery-title\">frick_usa_289<\/span><\/a><\/div><div class=\"su-custom-gallery-slide\" style=\"width:150px;height:150px\"><a href=\"http:\/\/frick.fr\/usa\/wp-content\/uploads\/2020\/09\/frick_usa_288.jpg\" title=\"frick_usa_288\"><img loading=\"lazy\" decoding=\"async\" src=\"http:\/\/frick.fr\/usa\/wp-content\/uploads\/2020\/09\/frick_usa_288-150x150.jpg\" alt=\"frick_usa_288\" width=\"150\" height=\"150\" \/><span class=\"su-custom-gallery-title\">frick_usa_288<\/span><\/a><\/div><div class=\"su-custom-gallery-slide\" style=\"width:150px;height:150px\"><a href=\"http:\/\/frick.fr\/usa\/wp-content\/uploads\/2020\/09\/frick_usa_287.jpg\" title=\"frick_usa_287\"><img loading=\"lazy\" decoding=\"async\" src=\"http:\/\/frick.fr\/usa\/wp-content\/uploads\/2020\/09\/frick_usa_287-150x150.jpg\" alt=\"frick_usa_287\" width=\"150\" height=\"150\" \/><span class=\"su-custom-gallery-title\">frick_usa_287<\/span><\/a><\/div><div class=\"su-custom-gallery-slide\" style=\"width:150px;height:150px\"><a href=\"http:\/\/frick.fr\/usa\/wp-content\/uploads\/2020\/09\/frick_usa_286.jpg\" title=\"frick_usa_286\"><img loading=\"lazy\" decoding=\"async\" src=\"http:\/\/frick.fr\/usa\/wp-content\/uploads\/2020\/09\/frick_usa_286-150x150.jpg\" alt=\"frick_usa_286\" width=\"150\" height=\"150\" \/><span class=\"su-custom-gallery-title\">frick_usa_286<\/span><\/a><\/div><div class=\"su-custom-gallery-slide\" style=\"width:150px;height:150px\"><a href=\"http:\/\/frick.fr\/usa\/wp-content\/uploads\/2020\/09\/frick_usa_285.jpg\" title=\"frick_usa_285\"><img loading=\"lazy\" decoding=\"async\" src=\"http:\/\/frick.fr\/usa\/wp-content\/uploads\/2020\/09\/frick_usa_285-150x150.jpg\" alt=\"frick_usa_285\" width=\"150\" height=\"150\" \/><span class=\"su-custom-gallery-title\">frick_usa_285<\/span><\/a><\/div><div class=\"su-custom-gallery-slide\" style=\"width:150px;height:150px\"><a href=\"http:\/\/frick.fr\/usa\/wp-content\/uploads\/2020\/09\/frick_usa_284.jpg\" title=\"frick_usa_284\"><img loading=\"lazy\" decoding=\"async\" src=\"http:\/\/frick.fr\/usa\/wp-content\/uploads\/2020\/09\/frick_usa_284-150x150.jpg\" alt=\"frick_usa_284\" width=\"150\" height=\"150\" \/><span class=\"su-custom-gallery-title\">frick_usa_284<\/span><\/a><\/div><div class=\"su-custom-gallery-slide\" style=\"width:150px;height:150px\"><a href=\"http:\/\/frick.fr\/usa\/wp-content\/uploads\/2020\/09\/frick_usa_283.jpg\" title=\"frick_usa_283\"><img loading=\"lazy\" decoding=\"async\" src=\"http:\/\/frick.fr\/usa\/wp-content\/uploads\/2020\/09\/frick_usa_283-150x150.jpg\" alt=\"frick_usa_283\" width=\"150\" height=\"150\" \/><span class=\"su-custom-gallery-title\">frick_usa_283<\/span><\/a><\/div><div class=\"su-custom-gallery-slide\" style=\"width:150px;height:150px\"><a href=\"http:\/\/frick.fr\/usa\/wp-content\/uploads\/2020\/09\/frick_usa_282.jpg\" title=\"frick_usa_282\"><img loading=\"lazy\" decoding=\"async\" src=\"http:\/\/frick.fr\/usa\/wp-content\/uploads\/2020\/09\/frick_usa_282-150x150.jpg\" alt=\"frick_usa_282\" width=\"150\" height=\"150\" \/><span class=\"su-custom-gallery-title\">frick_usa_282<\/span><\/a><\/div><div class=\"su-custom-gallery-slide\" style=\"width:150px;height:150px\"><a href=\"http:\/\/frick.fr\/usa\/wp-content\/uploads\/2020\/09\/frick_usa_281.jpg\" title=\"frick_usa_281\"><img loading=\"lazy\" decoding=\"async\" src=\"http:\/\/frick.fr\/usa\/wp-content\/uploads\/2020\/09\/frick_usa_281-150x150.jpg\" alt=\"frick_usa_281\" width=\"150\" height=\"150\" \/><span class=\"su-custom-gallery-title\">frick_usa_281<\/span><\/a><\/div><div class=\"su-custom-gallery-slide\" style=\"width:150px;height:150px\"><a href=\"http:\/\/frick.fr\/usa\/wp-content\/uploads\/2020\/09\/frick_usa_280.jpg\" title=\"frick_usa_280\"><img loading=\"lazy\" decoding=\"async\" src=\"http:\/\/frick.fr\/usa\/wp-content\/uploads\/2020\/09\/frick_usa_280-150x150.jpg\" alt=\"frick_usa_280\" width=\"150\" height=\"150\" \/><span class=\"su-custom-gallery-title\">frick_usa_280<\/span><\/a><\/div><div class=\"su-custom-gallery-slide\" style=\"width:150px;height:150px\"><a href=\"http:\/\/frick.fr\/usa\/wp-content\/uploads\/2020\/09\/frick_usa_279.jpg\" title=\"frick_usa_279\"><img loading=\"lazy\" decoding=\"async\" src=\"http:\/\/frick.fr\/usa\/wp-content\/uploads\/2020\/09\/frick_usa_279-150x150.jpg\" alt=\"frick_usa_279\" width=\"150\" height=\"150\" \/><span class=\"su-custom-gallery-title\">frick_usa_279<\/span><\/a><\/div><div class=\"su-custom-gallery-slide\" style=\"width:150px;height:150px\"><a href=\"http:\/\/frick.fr\/usa\/wp-content\/uploads\/2020\/09\/frick_usa_278.jpg\" title=\"frick_usa_278\"><img loading=\"lazy\" decoding=\"async\" src=\"http:\/\/frick.fr\/usa\/wp-content\/uploads\/2020\/09\/frick_usa_278-150x150.jpg\" alt=\"frick_usa_278\" width=\"150\" height=\"150\" \/><span class=\"su-custom-gallery-title\">frick_usa_278<\/span><\/a><\/div><div class=\"su-custom-gallery-slide\" style=\"width:150px;height:150px\"><a href=\"http:\/\/frick.fr\/usa\/wp-content\/uploads\/2020\/09\/frick_usa_277.jpg\" title=\"frick_usa_277\"><img loading=\"lazy\" decoding=\"async\" src=\"http:\/\/frick.fr\/usa\/wp-content\/uploads\/2020\/09\/frick_usa_277-150x150.jpg\" alt=\"frick_usa_277\" width=\"150\" height=\"150\" \/><span class=\"su-custom-gallery-title\">frick_usa_277<\/span><\/a><\/div><div class=\"su-custom-gallery-slide\" style=\"width:150px;height:150px\"><a href=\"http:\/\/frick.fr\/usa\/wp-content\/uploads\/2020\/09\/frick_usa_276.jpg\" title=\"frick_usa_276\"><img loading=\"lazy\" decoding=\"async\" src=\"http:\/\/frick.fr\/usa\/wp-content\/uploads\/2020\/09\/frick_usa_276-150x150.jpg\" alt=\"frick_usa_276\" width=\"150\" height=\"150\" \/><span class=\"su-custom-gallery-title\">frick_usa_276<\/span><\/a><\/div><div class=\"su-custom-gallery-slide\" style=\"width:150px;height:150px\"><a href=\"http:\/\/frick.fr\/usa\/wp-content\/uploads\/2020\/09\/frick_usa_275.jpg\" title=\"frick_usa_275\"><img loading=\"lazy\" decoding=\"async\" src=\"http:\/\/frick.fr\/usa\/wp-content\/uploads\/2020\/09\/frick_usa_275-150x150.jpg\" alt=\"frick_usa_275\" width=\"150\" height=\"150\" \/><span class=\"su-custom-gallery-title\">frick_usa_275<\/span><\/a><\/div><div class=\"su-clear\"><\/div><\/div>\n<p>&nbsp;<\/p>\n<p>&nbsp;<\/p>\n","protected":false},"excerpt":{"rendered":"<p>Le pays cajun, situ\u00e9 au sud de la Louisiane, est principalement habit\u00e9 par les descendants des colons fran\u00e7ais qui ont \u00e9t\u00e9 expuls\u00e9s d\u2019Acadie (la province canadienne du Nouveau-Brunswick) en 1763 apr\u00e8s la fin de la guerre de Sept ans entre la France et la Grande-Bretagne. On y rencontre encore des Anciens qui parlent un vieux [&hellip;]<\/p>\n","protected":false},"author":1,"featured_media":0,"parent":46,"menu_order":22,"comment_status":"closed","ping_status":"closed","template":"","meta":{"footnotes":"","_links_to":"","_links_to_target":""},"class_list":["post-59","page","type-page","status-publish","hentry"],"_links":{"self":[{"href":"http:\/\/frick.fr\/usa\/index.php?rest_route=\/wp\/v2\/pages\/59","targetHints":{"allow":["GET"]}}],"collection":[{"href":"http:\/\/frick.fr\/usa\/index.php?rest_route=\/wp\/v2\/pages"}],"about":[{"href":"http:\/\/frick.fr\/usa\/index.php?rest_route=\/wp\/v2\/types\/page"}],"author":[{"embeddable":true,"href":"http:\/\/frick.fr\/usa\/index.php?rest_route=\/wp\/v2\/users\/1"}],"replies":[{"embeddable":true,"href":"http:\/\/frick.fr\/usa\/index.php?rest_route=%2Fwp%2Fv2%2Fcomments&post=59"}],"version-history":[{"count":3,"href":"http:\/\/frick.fr\/usa\/index.php?rest_route=\/wp\/v2\/pages\/59\/revisions"}],"predecessor-version":[{"id":505,"href":"http:\/\/frick.fr\/usa\/index.php?rest_route=\/wp\/v2\/pages\/59\/revisions\/505"}],"up":[{"embeddable":true,"href":"http:\/\/frick.fr\/usa\/index.php?rest_route=\/wp\/v2\/pages\/46"}],"wp:attachment":[{"href":"http:\/\/frick.fr\/usa\/index.php?rest_route=%2Fwp%2Fv2%2Fmedia&parent=59"}],"curies":[{"name":"wp","href":"https:\/\/api.w.org\/{rel}","templated":true}]}}