{"id":57,"date":"2019-03-22T19:19:53","date_gmt":"2019-03-22T18:19:53","guid":{"rendered":"http:\/\/www.frick.fr\/u_s_a\/?page_id=57"},"modified":"2020-09-25T10:23:14","modified_gmt":"2020-09-25T08:23:14","slug":"la-route-des-plantations","status":"publish","type":"page","link":"http:\/\/frick.fr\/usa\/?page_id=57","title":{"rendered":"La route des Plantations"},"content":{"rendered":"<p style=\"text-align: justify;\">Ce terme d\u00e9signe les champs de coton ou de canne \u00e0 sucre, mais aussi l\u2019ensemble de la propri\u00e9t\u00e9 et notamment la demeure principale habit\u00e9e par les ma\u00eetres ainsi que le quartier des esclaves. \u00c0 l\u2019\u00e9poque, les plantations \u00e9taient construites de fa\u00e7on strat\u00e9gique. En effet, elles devaient permettre d\u2019envoyer rapidement les r\u00e9coltes au port de la Nouvelle-Orl\u00e9ans par le fleuve, puis ensuite dans le reste du monde. Ainsi, un grand nombre d\u2019entre elles ont \u00e9t\u00e9 \u00e9tablies le long du Mississipi sur la c\u00e9l\u00e8bre route des plantations.<\/p>\n<p style=\"text-align: justify;\">Les plantations sont un v\u00e9ritable symbole en Louisiane et t\u00e9moignent d\u2019une \u00e9poque que certains pr\u00e9f\u00e8rent encore ignorer. Car derri\u00e8re la fa\u00e7ade de ces superbes b\u00e2tisses, se cachent surtout l\u2019histoire douloureuse de l\u2019esclavagisme aux \u00c9tats-Unis. Au d\u00e9but du 18\u00e8me si\u00e8cle, les plantations appartenaient \u00e0 de riches exploitants blancs. Leur fortune \u00e9tait mesur\u00e9e par rapport \u00e0 l\u2019argent gagn\u00e9 gr\u00e2ce \u00e0 l\u2019exploitation, mais aussi par le nombre d\u2019esclaves qu\u2019ils poss\u00e9daient.<\/p>\n<p style=\"text-align: justify;\">Apr\u00e8s la guerre de S\u00e9cession, en 1865, et une fois l\u2019esclavage abolit, les plantations furent vendues, voire abandonn\u00e9es ou d\u00e9truites. Parmi les 350 plantations implant\u00e9es au 18\u00e8me si\u00e8cle, seules 8 sont encore debout aujourd\u2019hui. Apr\u00e8s avoir \u00e9t\u00e9 restaur\u00e9es, elles font d\u00e9sormais office de mus\u00e9e et\/ou de logement touristique.<\/p>\n<p style=\"text-align: justify;\">Pour la touche culture : sachez que les constructions datant de la p\u00e9riode d\u2019avant guerre sont dites \u00ab Antebellum \u00bb.<\/p>\n<div class=\"su-custom-gallery su-custom-gallery-align-left su-custom-gallery-title-hover su-lightbox-gallery\"><div class=\"su-custom-gallery-slide\" style=\"width:150px;height:150px\"><a href=\"http:\/\/frick.fr\/usa\/wp-content\/uploads\/2020\/09\/frick_usa_262.jpg\" title=\"frick_usa_262\"><img loading=\"lazy\" decoding=\"async\" src=\"http:\/\/frick.fr\/usa\/wp-content\/uploads\/2020\/09\/frick_usa_262-150x150.jpg\" alt=\"frick_usa_262\" width=\"150\" height=\"150\" \/><span class=\"su-custom-gallery-title\">frick_usa_262<\/span><\/a><\/div><div class=\"su-custom-gallery-slide\" style=\"width:150px;height:150px\"><a href=\"http:\/\/frick.fr\/usa\/wp-content\/uploads\/2020\/09\/frick_usa_261.jpg\" title=\"frick_usa_261\"><img loading=\"lazy\" decoding=\"async\" src=\"http:\/\/frick.fr\/usa\/wp-content\/uploads\/2020\/09\/frick_usa_261-150x150.jpg\" alt=\"frick_usa_261\" width=\"150\" height=\"150\" \/><span class=\"su-custom-gallery-title\">frick_usa_261<\/span><\/a><\/div><div class=\"su-custom-gallery-slide\" style=\"width:150px;height:150px\"><a href=\"http:\/\/frick.fr\/usa\/wp-content\/uploads\/2020\/09\/frick_usa_260.jpg\" title=\"frick_usa_260\"><img loading=\"lazy\" decoding=\"async\" src=\"http:\/\/frick.fr\/usa\/wp-content\/uploads\/2020\/09\/frick_usa_260-150x150.jpg\" alt=\"frick_usa_260\" width=\"150\" height=\"150\" \/><span class=\"su-custom-gallery-title\">frick_usa_260<\/span><\/a><\/div><div class=\"su-custom-gallery-slide\" style=\"width:150px;height:150px\"><a href=\"http:\/\/frick.fr\/usa\/wp-content\/uploads\/2020\/09\/frick_usa_259.jpg\" title=\"frick_usa_259\"><img loading=\"lazy\" decoding=\"async\" src=\"http:\/\/frick.fr\/usa\/wp-content\/uploads\/2020\/09\/frick_usa_259-150x150.jpg\" alt=\"frick_usa_259\" width=\"150\" height=\"150\" \/><span class=\"su-custom-gallery-title\">frick_usa_259<\/span><\/a><\/div><div class=\"su-custom-gallery-slide\" style=\"width:150px;height:150px\"><a href=\"http:\/\/frick.fr\/usa\/wp-content\/uploads\/2020\/09\/frick_usa_258.jpg\" title=\"frick_usa_258\"><img loading=\"lazy\" decoding=\"async\" src=\"http:\/\/frick.fr\/usa\/wp-content\/uploads\/2020\/09\/frick_usa_258-150x150.jpg\" alt=\"frick_usa_258\" width=\"150\" height=\"150\" \/><span class=\"su-custom-gallery-title\">frick_usa_258<\/span><\/a><\/div><div class=\"su-custom-gallery-slide\" style=\"width:150px;height:150px\"><a href=\"http:\/\/frick.fr\/usa\/wp-content\/uploads\/2020\/09\/frick_usa_257.jpg\" title=\"frick_usa_257\"><img loading=\"lazy\" decoding=\"async\" src=\"http:\/\/frick.fr\/usa\/wp-content\/uploads\/2020\/09\/frick_usa_257-150x150.jpg\" alt=\"frick_usa_257\" width=\"150\" height=\"150\" \/><span class=\"su-custom-gallery-title\">frick_usa_257<\/span><\/a><\/div><div class=\"su-custom-gallery-slide\" style=\"width:150px;height:150px\"><a href=\"http:\/\/frick.fr\/usa\/wp-content\/uploads\/2020\/09\/frick_usa_256.jpg\" title=\"frick_usa_256\"><img loading=\"lazy\" decoding=\"async\" src=\"http:\/\/frick.fr\/usa\/wp-content\/uploads\/2020\/09\/frick_usa_256-150x150.jpg\" alt=\"frick_usa_256\" width=\"150\" height=\"150\" \/><span class=\"su-custom-gallery-title\">frick_usa_256<\/span><\/a><\/div><div class=\"su-custom-gallery-slide\" style=\"width:150px;height:150px\"><a href=\"http:\/\/frick.fr\/usa\/wp-content\/uploads\/2020\/09\/frick_usa_255.jpg\" title=\"frick_usa_255\"><img loading=\"lazy\" decoding=\"async\" src=\"http:\/\/frick.fr\/usa\/wp-content\/uploads\/2020\/09\/frick_usa_255-150x150.jpg\" alt=\"frick_usa_255\" width=\"150\" height=\"150\" \/><span class=\"su-custom-gallery-title\">frick_usa_255<\/span><\/a><\/div><div class=\"su-custom-gallery-slide\" style=\"width:150px;height:150px\"><a href=\"http:\/\/frick.fr\/usa\/wp-content\/uploads\/2020\/09\/frick_usa_254.jpg\" title=\"frick_usa_254\"><img loading=\"lazy\" decoding=\"async\" src=\"http:\/\/frick.fr\/usa\/wp-content\/uploads\/2020\/09\/frick_usa_254-150x150.jpg\" alt=\"frick_usa_254\" width=\"150\" height=\"150\" \/><span class=\"su-custom-gallery-title\">frick_usa_254<\/span><\/a><\/div><div class=\"su-custom-gallery-slide\" style=\"width:150px;height:150px\"><a href=\"http:\/\/frick.fr\/usa\/wp-content\/uploads\/2020\/09\/frick_usa_253.jpg\" title=\"frick_usa_253\"><img loading=\"lazy\" decoding=\"async\" src=\"http:\/\/frick.fr\/usa\/wp-content\/uploads\/2020\/09\/frick_usa_253-150x150.jpg\" alt=\"frick_usa_253\" width=\"150\" height=\"150\" \/><span class=\"su-custom-gallery-title\">frick_usa_253<\/span><\/a><\/div><div class=\"su-custom-gallery-slide\" style=\"width:150px;height:150px\"><a href=\"http:\/\/frick.fr\/usa\/wp-content\/uploads\/2020\/09\/frick_usa_252.jpg\" title=\"frick_usa_252\"><img loading=\"lazy\" decoding=\"async\" src=\"http:\/\/frick.fr\/usa\/wp-content\/uploads\/2020\/09\/frick_usa_252-150x150.jpg\" alt=\"frick_usa_252\" width=\"150\" height=\"150\" \/><span class=\"su-custom-gallery-title\">frick_usa_252<\/span><\/a><\/div><div class=\"su-custom-gallery-slide\" style=\"width:150px;height:150px\"><a href=\"http:\/\/frick.fr\/usa\/wp-content\/uploads\/2020\/09\/frick_usa_251.jpg\" title=\"frick_usa_251\"><img loading=\"lazy\" decoding=\"async\" src=\"http:\/\/frick.fr\/usa\/wp-content\/uploads\/2020\/09\/frick_usa_251-150x150.jpg\" alt=\"frick_usa_251\" width=\"150\" height=\"150\" \/><span class=\"su-custom-gallery-title\">frick_usa_251<\/span><\/a><\/div><div class=\"su-custom-gallery-slide\" style=\"width:150px;height:150px\"><a href=\"http:\/\/frick.fr\/usa\/wp-content\/uploads\/2020\/09\/frick_usa_250.jpg\" title=\"frick_usa_250\"><img loading=\"lazy\" decoding=\"async\" src=\"http:\/\/frick.fr\/usa\/wp-content\/uploads\/2020\/09\/frick_usa_250-150x150.jpg\" alt=\"frick_usa_250\" width=\"150\" height=\"150\" \/><span class=\"su-custom-gallery-title\">frick_usa_250<\/span><\/a><\/div><div class=\"su-custom-gallery-slide\" style=\"width:150px;height:150px\"><a href=\"http:\/\/frick.fr\/usa\/wp-content\/uploads\/2020\/09\/frick_usa_249.jpg\" title=\"frick_usa_249\"><img loading=\"lazy\" decoding=\"async\" src=\"http:\/\/frick.fr\/usa\/wp-content\/uploads\/2020\/09\/frick_usa_249-150x150.jpg\" alt=\"frick_usa_249\" width=\"150\" height=\"150\" \/><span class=\"su-custom-gallery-title\">frick_usa_249<\/span><\/a><\/div><div class=\"su-custom-gallery-slide\" style=\"width:150px;height:150px\"><a href=\"http:\/\/frick.fr\/usa\/wp-content\/uploads\/2020\/09\/frick_usa_248.jpg\" title=\"frick_usa_248\"><img loading=\"lazy\" decoding=\"async\" src=\"http:\/\/frick.fr\/usa\/wp-content\/uploads\/2020\/09\/frick_usa_248-150x150.jpg\" alt=\"frick_usa_248\" width=\"150\" height=\"150\" \/><span class=\"su-custom-gallery-title\">frick_usa_248<\/span><\/a><\/div><div class=\"su-custom-gallery-slide\" style=\"width:150px;height:150px\"><a href=\"http:\/\/frick.fr\/usa\/wp-content\/uploads\/2020\/09\/frick_usa_247.jpg\" title=\"frick_usa_247\"><img loading=\"lazy\" decoding=\"async\" src=\"http:\/\/frick.fr\/usa\/wp-content\/uploads\/2020\/09\/frick_usa_247-150x150.jpg\" alt=\"frick_usa_247\" width=\"150\" height=\"150\" \/><span class=\"su-custom-gallery-title\">frick_usa_247<\/span><\/a><\/div><div class=\"su-custom-gallery-slide\" style=\"width:150px;height:150px\"><a href=\"http:\/\/frick.fr\/usa\/wp-content\/uploads\/2020\/09\/frick_usa_246.jpg\" title=\"frick_usa_246\"><img loading=\"lazy\" decoding=\"async\" src=\"http:\/\/frick.fr\/usa\/wp-content\/uploads\/2020\/09\/frick_usa_246-150x150.jpg\" alt=\"frick_usa_246\" width=\"150\" height=\"150\" \/><span class=\"su-custom-gallery-title\">frick_usa_246<\/span><\/a><\/div><div class=\"su-custom-gallery-slide\" style=\"width:150px;height:150px\"><a href=\"http:\/\/frick.fr\/usa\/wp-content\/uploads\/2020\/09\/frick_usa_245.jpg\" title=\"frick_usa_245\"><img loading=\"lazy\" decoding=\"async\" src=\"http:\/\/frick.fr\/usa\/wp-content\/uploads\/2020\/09\/frick_usa_245-150x150.jpg\" alt=\"frick_usa_245\" width=\"150\" height=\"150\" \/><span class=\"su-custom-gallery-title\">frick_usa_245<\/span><\/a><\/div><div class=\"su-custom-gallery-slide\" style=\"width:150px;height:150px\"><a href=\"http:\/\/frick.fr\/usa\/wp-content\/uploads\/2020\/09\/frick_usa_244.jpg\" title=\"frick_usa_244\"><img loading=\"lazy\" decoding=\"async\" src=\"http:\/\/frick.fr\/usa\/wp-content\/uploads\/2020\/09\/frick_usa_244-150x150.jpg\" alt=\"frick_usa_244\" width=\"150\" height=\"150\" \/><span class=\"su-custom-gallery-title\">frick_usa_244<\/span><\/a><\/div><div class=\"su-custom-gallery-slide\" style=\"width:150px;height:150px\"><a href=\"http:\/\/frick.fr\/usa\/wp-content\/uploads\/2020\/09\/frick_usa_243.jpg\" title=\"frick_usa_243\"><img loading=\"lazy\" decoding=\"async\" src=\"http:\/\/frick.fr\/usa\/wp-content\/uploads\/2020\/09\/frick_usa_243-150x150.jpg\" alt=\"frick_usa_243\" width=\"150\" height=\"150\" \/><span class=\"su-custom-gallery-title\">frick_usa_243<\/span><\/a><\/div><div class=\"su-custom-gallery-slide\" style=\"width:150px;height:150px\"><a href=\"http:\/\/frick.fr\/usa\/wp-content\/uploads\/2020\/09\/frick_usa_242.jpg\" title=\"frick_usa_242\"><img loading=\"lazy\" decoding=\"async\" src=\"http:\/\/frick.fr\/usa\/wp-content\/uploads\/2020\/09\/frick_usa_242-150x150.jpg\" alt=\"frick_usa_242\" width=\"150\" height=\"150\" \/><span class=\"su-custom-gallery-title\">frick_usa_242<\/span><\/a><\/div><div class=\"su-custom-gallery-slide\" style=\"width:150px;height:150px\"><a href=\"http:\/\/frick.fr\/usa\/wp-content\/uploads\/2020\/09\/frick_usa_241.jpg\" title=\"frick_usa_241\"><img loading=\"lazy\" decoding=\"async\" src=\"http:\/\/frick.fr\/usa\/wp-content\/uploads\/2020\/09\/frick_usa_241-150x150.jpg\" alt=\"frick_usa_241\" width=\"150\" height=\"150\" \/><span class=\"su-custom-gallery-title\">frick_usa_241<\/span><\/a><\/div><div class=\"su-custom-gallery-slide\" style=\"width:150px;height:150px\"><a href=\"http:\/\/frick.fr\/usa\/wp-content\/uploads\/2020\/09\/frick_usa_240.jpg\" title=\"frick_usa_240\"><img loading=\"lazy\" decoding=\"async\" src=\"http:\/\/frick.fr\/usa\/wp-content\/uploads\/2020\/09\/frick_usa_240-150x150.jpg\" alt=\"frick_usa_240\" width=\"150\" height=\"150\" \/><span class=\"su-custom-gallery-title\">frick_usa_240<\/span><\/a><\/div><div class=\"su-custom-gallery-slide\" style=\"width:150px;height:150px\"><a href=\"http:\/\/frick.fr\/usa\/wp-content\/uploads\/2020\/09\/frick_usa_239.jpg\" title=\"frick_usa_239\"><img loading=\"lazy\" decoding=\"async\" src=\"http:\/\/frick.fr\/usa\/wp-content\/uploads\/2020\/09\/frick_usa_239-150x150.jpg\" alt=\"frick_usa_239\" width=\"150\" height=\"150\" \/><span class=\"su-custom-gallery-title\">frick_usa_239<\/span><\/a><\/div><div class=\"su-custom-gallery-slide\" style=\"width:150px;height:150px\"><a href=\"http:\/\/frick.fr\/usa\/wp-content\/uploads\/2020\/09\/frick_usa_238.jpg\" title=\"frick_usa_238\"><img loading=\"lazy\" decoding=\"async\" src=\"http:\/\/frick.fr\/usa\/wp-content\/uploads\/2020\/09\/frick_usa_238-150x150.jpg\" alt=\"frick_usa_238\" width=\"150\" height=\"150\" \/><span class=\"su-custom-gallery-title\">frick_usa_238<\/span><\/a><\/div><div class=\"su-custom-gallery-slide\" style=\"width:150px;height:150px\"><a href=\"http:\/\/frick.fr\/usa\/wp-content\/uploads\/2020\/09\/frick_usa_237.jpg\" title=\"frick_usa_237\"><img loading=\"lazy\" decoding=\"async\" src=\"http:\/\/frick.fr\/usa\/wp-content\/uploads\/2020\/09\/frick_usa_237-150x150.jpg\" alt=\"frick_usa_237\" width=\"150\" height=\"150\" \/><span class=\"su-custom-gallery-title\">frick_usa_237<\/span><\/a><\/div><div class=\"su-custom-gallery-slide\" style=\"width:150px;height:150px\"><a href=\"http:\/\/frick.fr\/usa\/wp-content\/uploads\/2020\/09\/frick_usa_236.jpg\" title=\"frick_usa_236\"><img loading=\"lazy\" decoding=\"async\" src=\"http:\/\/frick.fr\/usa\/wp-content\/uploads\/2020\/09\/frick_usa_236-150x150.jpg\" alt=\"frick_usa_236\" width=\"150\" height=\"150\" \/><span class=\"su-custom-gallery-title\">frick_usa_236<\/span><\/a><\/div><div class=\"su-custom-gallery-slide\" style=\"width:150px;height:150px\"><a href=\"http:\/\/frick.fr\/usa\/wp-content\/uploads\/2020\/09\/frick_usa_235.jpg\" title=\"frick_usa_235\"><img loading=\"lazy\" decoding=\"async\" src=\"http:\/\/frick.fr\/usa\/wp-content\/uploads\/2020\/09\/frick_usa_235-150x150.jpg\" alt=\"frick_usa_235\" width=\"150\" height=\"150\" \/><span class=\"su-custom-gallery-title\">frick_usa_235<\/span><\/a><\/div><div class=\"su-custom-gallery-slide\" style=\"width:150px;height:150px\"><a href=\"http:\/\/frick.fr\/usa\/wp-content\/uploads\/2020\/09\/frick_usa_234.jpg\" title=\"frick_usa_234\"><img loading=\"lazy\" decoding=\"async\" src=\"http:\/\/frick.fr\/usa\/wp-content\/uploads\/2020\/09\/frick_usa_234-150x150.jpg\" alt=\"frick_usa_234\" width=\"150\" height=\"150\" \/><span class=\"su-custom-gallery-title\">frick_usa_234<\/span><\/a><\/div><div class=\"su-custom-gallery-slide\" style=\"width:150px;height:150px\"><a href=\"http:\/\/frick.fr\/usa\/wp-content\/uploads\/2020\/09\/frick_usa_233.jpg\" title=\"frick_usa_233\"><img loading=\"lazy\" decoding=\"async\" src=\"http:\/\/frick.fr\/usa\/wp-content\/uploads\/2020\/09\/frick_usa_233-150x150.jpg\" alt=\"frick_usa_233\" width=\"150\" height=\"150\" \/><span class=\"su-custom-gallery-title\">frick_usa_233<\/span><\/a><\/div><div class=\"su-custom-gallery-slide\" style=\"width:150px;height:150px\"><a href=\"http:\/\/frick.fr\/usa\/wp-content\/uploads\/2020\/09\/frick_usa_232.jpg\" title=\"frick_usa_232\"><img loading=\"lazy\" decoding=\"async\" src=\"http:\/\/frick.fr\/usa\/wp-content\/uploads\/2020\/09\/frick_usa_232-150x150.jpg\" alt=\"frick_usa_232\" width=\"150\" height=\"150\" \/><span class=\"su-custom-gallery-title\">frick_usa_232<\/span><\/a><\/div><div class=\"su-custom-gallery-slide\" style=\"width:150px;height:150px\"><a href=\"http:\/\/frick.fr\/usa\/wp-content\/uploads\/2020\/09\/frick_usa_231.jpg\" title=\"frick_usa_231\"><img loading=\"lazy\" decoding=\"async\" src=\"http:\/\/frick.fr\/usa\/wp-content\/uploads\/2020\/09\/frick_usa_231-150x150.jpg\" alt=\"frick_usa_231\" width=\"150\" height=\"150\" \/><span class=\"su-custom-gallery-title\">frick_usa_231<\/span><\/a><\/div><div class=\"su-custom-gallery-slide\" style=\"width:150px;height:150px\"><a href=\"http:\/\/frick.fr\/usa\/wp-content\/uploads\/2020\/09\/frick_usa_230.jpg\" title=\"frick_usa_230\"><img loading=\"lazy\" decoding=\"async\" src=\"http:\/\/frick.fr\/usa\/wp-content\/uploads\/2020\/09\/frick_usa_230-150x150.jpg\" alt=\"frick_usa_230\" width=\"150\" height=\"150\" \/><span class=\"su-custom-gallery-title\">frick_usa_230<\/span><\/a><\/div><div class=\"su-custom-gallery-slide\" style=\"width:150px;height:150px\"><a href=\"http:\/\/frick.fr\/usa\/wp-content\/uploads\/2020\/09\/frick_usa_229.jpg\" title=\"frick_usa_229\"><img loading=\"lazy\" decoding=\"async\" src=\"http:\/\/frick.fr\/usa\/wp-content\/uploads\/2020\/09\/frick_usa_229-150x150.jpg\" alt=\"frick_usa_229\" width=\"150\" height=\"150\" \/><span class=\"su-custom-gallery-title\">frick_usa_229<\/span><\/a><\/div><div class=\"su-custom-gallery-slide\" style=\"width:150px;height:150px\"><a href=\"http:\/\/frick.fr\/usa\/wp-content\/uploads\/2020\/09\/frick_usa_228.jpg\" title=\"frick_usa_228\"><img loading=\"lazy\" decoding=\"async\" src=\"http:\/\/frick.fr\/usa\/wp-content\/uploads\/2020\/09\/frick_usa_228-150x150.jpg\" alt=\"frick_usa_228\" width=\"150\" height=\"150\" \/><span class=\"su-custom-gallery-title\">frick_usa_228<\/span><\/a><\/div><div class=\"su-custom-gallery-slide\" style=\"width:150px;height:150px\"><a href=\"http:\/\/frick.fr\/usa\/wp-content\/uploads\/2020\/09\/frick_usa_227.jpg\" title=\"frick_usa_227\"><img loading=\"lazy\" decoding=\"async\" src=\"http:\/\/frick.fr\/usa\/wp-content\/uploads\/2020\/09\/frick_usa_227-150x150.jpg\" alt=\"frick_usa_227\" width=\"150\" height=\"150\" \/><span class=\"su-custom-gallery-title\">frick_usa_227<\/span><\/a><\/div><div class=\"su-custom-gallery-slide\" style=\"width:150px;height:150px\"><a href=\"http:\/\/frick.fr\/usa\/wp-content\/uploads\/2020\/09\/frick_usa_226.jpg\" title=\"frick_usa_226\"><img loading=\"lazy\" decoding=\"async\" src=\"http:\/\/frick.fr\/usa\/wp-content\/uploads\/2020\/09\/frick_usa_226-150x150.jpg\" alt=\"frick_usa_226\" width=\"150\" height=\"150\" \/><span class=\"su-custom-gallery-title\">frick_usa_226<\/span><\/a><\/div><div class=\"su-custom-gallery-slide\" style=\"width:150px;height:150px\"><a href=\"http:\/\/frick.fr\/usa\/wp-content\/uploads\/2020\/09\/frick_usa_225.jpg\" title=\"frick_usa_225\"><img loading=\"lazy\" decoding=\"async\" src=\"http:\/\/frick.fr\/usa\/wp-content\/uploads\/2020\/09\/frick_usa_225-150x150.jpg\" alt=\"frick_usa_225\" width=\"150\" height=\"150\" \/><span class=\"su-custom-gallery-title\">frick_usa_225<\/span><\/a><\/div><div class=\"su-clear\"><\/div><\/div>\n","protected":false},"excerpt":{"rendered":"<p>Ce terme d\u00e9signe les champs de coton ou de canne \u00e0 sucre, mais aussi l\u2019ensemble de la propri\u00e9t\u00e9 et notamment la demeure principale habit\u00e9e par les ma\u00eetres ainsi que le quartier des esclaves. \u00c0 l\u2019\u00e9poque, les plantations \u00e9taient construites de fa\u00e7on strat\u00e9gique. En effet, elles devaient permettre d\u2019envoyer rapidement les r\u00e9coltes au port de la [&hellip;]<\/p>\n","protected":false},"author":1,"featured_media":0,"parent":46,"menu_order":21,"comment_status":"closed","ping_status":"closed","template":"","meta":{"footnotes":"","_links_to":"","_links_to_target":""},"class_list":["post-57","page","type-page","status-publish","hentry"],"_links":{"self":[{"href":"http:\/\/frick.fr\/usa\/index.php?rest_route=\/wp\/v2\/pages\/57","targetHints":{"allow":["GET"]}}],"collection":[{"href":"http:\/\/frick.fr\/usa\/index.php?rest_route=\/wp\/v2\/pages"}],"about":[{"href":"http:\/\/frick.fr\/usa\/index.php?rest_route=\/wp\/v2\/types\/page"}],"author":[{"embeddable":true,"href":"http:\/\/frick.fr\/usa\/index.php?rest_route=\/wp\/v2\/users\/1"}],"replies":[{"embeddable":true,"href":"http:\/\/frick.fr\/usa\/index.php?rest_route=%2Fwp%2Fv2%2Fcomments&post=57"}],"version-history":[{"count":4,"href":"http:\/\/frick.fr\/usa\/index.php?rest_route=\/wp\/v2\/pages\/57\/revisions"}],"predecessor-version":[{"id":549,"href":"http:\/\/frick.fr\/usa\/index.php?rest_route=\/wp\/v2\/pages\/57\/revisions\/549"}],"up":[{"embeddable":true,"href":"http:\/\/frick.fr\/usa\/index.php?rest_route=\/wp\/v2\/pages\/46"}],"wp:attachment":[{"href":"http:\/\/frick.fr\/usa\/index.php?rest_route=%2Fwp%2Fv2%2Fmedia&parent=57"}],"curies":[{"name":"wp","href":"https:\/\/api.w.org\/{rel}","templated":true}]}}