{"id":53,"date":"2019-03-22T19:18:56","date_gmt":"2019-03-22T18:18:56","guid":{"rendered":"http:\/\/www.frick.fr\/u_s_a\/?page_id=53"},"modified":"2019-07-22T11:07:27","modified_gmt":"2019-07-22T09:07:27","slug":"treme","status":"publish","type":"page","link":"http:\/\/frick.fr\/usa\/?page_id=53","title":{"rendered":"Trem\u00e9"},"content":{"rendered":"<p style=\"text-align: justify;\">Treme est connu pour ses clubs de jazz, ses restaurants de cuisine afro-am\u00e9ricaine et ses centres culturels mettant \u00e0 l&rsquo;honneur le patrimoine afro-am\u00e9ricain et cr\u00e9ole du quartier. Congo\u00a0Square, dans le parc Louis\u00a0Armstrong, accueille des concerts et des films en plein air. Des cottages color\u00e9s entourent l&rsquo;imposante \u00e9glise Saint-Augustin, tandis que le cimeti\u00e8re Saint-Louis n\u00b0\u00a01 abrite les tombes des premiers r\u00e9sidents, notamment de la pr\u00eatresse vaudou Marie\u00a0Laveau.<\/p>\n<div class=\"su-custom-gallery su-custom-gallery-align-left su-custom-gallery-title-hover su-lightbox-gallery\"><div class=\"su-custom-gallery-slide\" style=\"width:150px;height:150px\"><a href=\"http:\/\/frick.fr\/usa\/wp-content\/uploads\/2019\/07\/frick_usa_112-1.jpg\" title=\"frick_usa_112\"><img loading=\"lazy\" decoding=\"async\" src=\"http:\/\/frick.fr\/usa\/wp-content\/uploads\/2019\/07\/frick_usa_112-1-150x150.jpg\" alt=\"frick_usa_112\" width=\"150\" height=\"150\" \/><span class=\"su-custom-gallery-title\">frick_usa_112<\/span><\/a><\/div><div class=\"su-custom-gallery-slide\" style=\"width:150px;height:150px\"><a href=\"http:\/\/frick.fr\/usa\/wp-content\/uploads\/2019\/07\/frick_usa_111.jpg\" title=\"frick_usa_111\"><img loading=\"lazy\" decoding=\"async\" src=\"http:\/\/frick.fr\/usa\/wp-content\/uploads\/2019\/07\/frick_usa_111-150x150.jpg\" alt=\"frick_usa_111\" width=\"150\" height=\"150\" \/><span class=\"su-custom-gallery-title\">frick_usa_111<\/span><\/a><\/div><div class=\"su-custom-gallery-slide\" style=\"width:150px;height:150px\"><a href=\"http:\/\/frick.fr\/usa\/wp-content\/uploads\/2019\/07\/frick_usa_110.jpg\" title=\"frick_usa_110\"><img loading=\"lazy\" decoding=\"async\" src=\"http:\/\/frick.fr\/usa\/wp-content\/uploads\/2019\/07\/frick_usa_110-150x150.jpg\" alt=\"frick_usa_110\" width=\"150\" height=\"150\" \/><span class=\"su-custom-gallery-title\">frick_usa_110<\/span><\/a><\/div><div class=\"su-custom-gallery-slide\" style=\"width:150px;height:150px\"><a href=\"http:\/\/frick.fr\/usa\/wp-content\/uploads\/2019\/07\/frick_usa_109.jpg\" title=\"frick_usa_109\"><img loading=\"lazy\" decoding=\"async\" src=\"http:\/\/frick.fr\/usa\/wp-content\/uploads\/2019\/07\/frick_usa_109-150x150.jpg\" alt=\"frick_usa_109\" width=\"150\" height=\"150\" \/><span class=\"su-custom-gallery-title\">frick_usa_109<\/span><\/a><\/div><div class=\"su-custom-gallery-slide\" style=\"width:150px;height:150px\"><a href=\"http:\/\/frick.fr\/usa\/wp-content\/uploads\/2019\/07\/frick_usa_108.jpg\" title=\"frick_usa_108\"><img loading=\"lazy\" decoding=\"async\" src=\"http:\/\/frick.fr\/usa\/wp-content\/uploads\/2019\/07\/frick_usa_108-150x150.jpg\" alt=\"frick_usa_108\" width=\"150\" height=\"150\" \/><span class=\"su-custom-gallery-title\">frick_usa_108<\/span><\/a><\/div><div class=\"su-custom-gallery-slide\" style=\"width:150px;height:150px\"><a href=\"http:\/\/frick.fr\/usa\/wp-content\/uploads\/2019\/07\/frick_usa_107.jpg\" title=\"frick_usa_107\"><img loading=\"lazy\" decoding=\"async\" src=\"http:\/\/frick.fr\/usa\/wp-content\/uploads\/2019\/07\/frick_usa_107-150x150.jpg\" alt=\"frick_usa_107\" width=\"150\" height=\"150\" \/><span class=\"su-custom-gallery-title\">frick_usa_107<\/span><\/a><\/div><div class=\"su-custom-gallery-slide\" style=\"width:150px;height:150px\"><a href=\"http:\/\/frick.fr\/usa\/wp-content\/uploads\/2019\/07\/frick_usa_106.jpg\" title=\"frick_usa_106\"><img loading=\"lazy\" decoding=\"async\" src=\"http:\/\/frick.fr\/usa\/wp-content\/uploads\/2019\/07\/frick_usa_106-150x150.jpg\" alt=\"frick_usa_106\" width=\"150\" height=\"150\" \/><span class=\"su-custom-gallery-title\">frick_usa_106<\/span><\/a><\/div><div class=\"su-custom-gallery-slide\" style=\"width:150px;height:150px\"><a href=\"http:\/\/frick.fr\/usa\/wp-content\/uploads\/2019\/07\/frick_usa_105.jpg\" title=\"frick_usa_105\"><img loading=\"lazy\" decoding=\"async\" src=\"http:\/\/frick.fr\/usa\/wp-content\/uploads\/2019\/07\/frick_usa_105-150x150.jpg\" alt=\"frick_usa_105\" width=\"150\" height=\"150\" \/><span class=\"su-custom-gallery-title\">frick_usa_105<\/span><\/a><\/div><div class=\"su-custom-gallery-slide\" style=\"width:150px;height:150px\"><a href=\"http:\/\/frick.fr\/usa\/wp-content\/uploads\/2019\/07\/frick_usa_104.jpg\" title=\"frick_usa_104\"><img loading=\"lazy\" decoding=\"async\" src=\"http:\/\/frick.fr\/usa\/wp-content\/uploads\/2019\/07\/frick_usa_104-150x150.jpg\" alt=\"frick_usa_104\" width=\"150\" height=\"150\" \/><span class=\"su-custom-gallery-title\">frick_usa_104<\/span><\/a><\/div><div class=\"su-custom-gallery-slide\" style=\"width:150px;height:150px\"><a href=\"http:\/\/frick.fr\/usa\/wp-content\/uploads\/2019\/07\/frick_usa_103.jpg\" title=\"frick_usa_103\"><img loading=\"lazy\" decoding=\"async\" src=\"http:\/\/frick.fr\/usa\/wp-content\/uploads\/2019\/07\/frick_usa_103-150x150.jpg\" alt=\"frick_usa_103\" width=\"150\" height=\"150\" \/><span class=\"su-custom-gallery-title\">frick_usa_103<\/span><\/a><\/div><div class=\"su-custom-gallery-slide\" style=\"width:150px;height:150px\"><a href=\"http:\/\/frick.fr\/usa\/wp-content\/uploads\/2019\/07\/frick_usa_102.jpg\" title=\"frick_usa_102\"><img loading=\"lazy\" decoding=\"async\" src=\"http:\/\/frick.fr\/usa\/wp-content\/uploads\/2019\/07\/frick_usa_102-150x150.jpg\" alt=\"frick_usa_102\" width=\"150\" height=\"150\" \/><span class=\"su-custom-gallery-title\">frick_usa_102<\/span><\/a><\/div><div class=\"su-custom-gallery-slide\" style=\"width:150px;height:150px\"><a href=\"http:\/\/frick.fr\/usa\/wp-content\/uploads\/2019\/07\/frick_usa_101.jpg\" title=\"frick_usa_101\"><img loading=\"lazy\" decoding=\"async\" src=\"http:\/\/frick.fr\/usa\/wp-content\/uploads\/2019\/07\/frick_usa_101-150x150.jpg\" alt=\"frick_usa_101\" width=\"150\" height=\"150\" \/><span class=\"su-custom-gallery-title\">frick_usa_101<\/span><\/a><\/div><div class=\"su-clear\"><\/div><\/div>\n","protected":false},"excerpt":{"rendered":"<p>Treme est connu pour ses clubs de jazz, ses restaurants de cuisine afro-am\u00e9ricaine et ses centres culturels mettant \u00e0 l&rsquo;honneur le patrimoine afro-am\u00e9ricain et cr\u00e9ole du quartier. Congo\u00a0Square, dans le parc Louis\u00a0Armstrong, accueille des concerts et des films en plein air. Des cottages color\u00e9s entourent l&rsquo;imposante \u00e9glise Saint-Augustin, tandis que le cimeti\u00e8re Saint-Louis n\u00b0\u00a01 abrite [&hellip;]<\/p>\n","protected":false},"author":1,"featured_media":0,"parent":45,"menu_order":12,"comment_status":"closed","ping_status":"closed","template":"","meta":{"footnotes":"","_links_to":"","_links_to_target":""},"class_list":["post-53","page","type-page","status-publish","hentry"],"_links":{"self":[{"href":"http:\/\/frick.fr\/usa\/index.php?rest_route=\/wp\/v2\/pages\/53","targetHints":{"allow":["GET"]}}],"collection":[{"href":"http:\/\/frick.fr\/usa\/index.php?rest_route=\/wp\/v2\/pages"}],"about":[{"href":"http:\/\/frick.fr\/usa\/index.php?rest_route=\/wp\/v2\/types\/page"}],"author":[{"embeddable":true,"href":"http:\/\/frick.fr\/usa\/index.php?rest_route=\/wp\/v2\/users\/1"}],"replies":[{"embeddable":true,"href":"http:\/\/frick.fr\/usa\/index.php?rest_route=%2Fwp%2Fv2%2Fcomments&post=53"}],"version-history":[{"count":2,"href":"http:\/\/frick.fr\/usa\/index.php?rest_route=\/wp\/v2\/pages\/53\/revisions"}],"predecessor-version":[{"id":435,"href":"http:\/\/frick.fr\/usa\/index.php?rest_route=\/wp\/v2\/pages\/53\/revisions\/435"}],"up":[{"embeddable":true,"href":"http:\/\/frick.fr\/usa\/index.php?rest_route=\/wp\/v2\/pages\/45"}],"wp:attachment":[{"href":"http:\/\/frick.fr\/usa\/index.php?rest_route=%2Fwp%2Fv2%2Fmedia&parent=53"}],"curies":[{"name":"wp","href":"https:\/\/api.w.org\/{rel}","templated":true}]}}