{"id":48,"date":"2019-03-22T19:14:39","date_gmt":"2019-03-22T18:14:39","guid":{"rendered":"http:\/\/www.frick.fr\/u_s_a\/?page_id=46"},"modified":"2019-07-20T18:41:58","modified_gmt":"2019-07-20T16:41:58","slug":"miami-beach","status":"publish","type":"page","link":"http:\/\/frick.fr\/usa\/?page_id=48","title":{"rendered":"Miami Beach"},"content":{"rendered":"<p style=\"text-align: justify;\">Miami Beach est une ville insulaire du sud de la Floride. Elle est reli\u00e9e par des ponts \u00e0 la partie continentale de Miami. De larges plages s&rsquo;\u00e9tirent de North Shore Open Space Park \u00e0 South Pointe Park, en passant par Lummus Park, bord\u00e9 de palmiers. L&rsquo;extr\u00e9mit\u00e9 sud, South Beach, est renomm\u00e9e pour son cachet international, attirant mannequins et c\u00e9l\u00e9brit\u00e9s. Son architecture du d\u00e9but du XXe si\u00e8cle, dans le quartier historique de style Art d\u00e9co, se caract\u00e9rise par des b\u00e2timents aux couleurs pastel, en particulier sur Ocean Drive.<\/p>\n","protected":false},"excerpt":{"rendered":"<p>Miami Beach est une ville insulaire du sud de la Floride. Elle est reli\u00e9e par des ponts \u00e0 la partie continentale de Miami. De larges plages s&rsquo;\u00e9tirent de North Shore Open Space Park \u00e0 South Pointe Park, en passant par Lummus Park, bord\u00e9 de palmiers. L&rsquo;extr\u00e9mit\u00e9 sud, South Beach, est renomm\u00e9e pour son cachet international, [&hellip;]<\/p>\n","protected":false},"author":1,"featured_media":0,"parent":47,"menu_order":40,"comment_status":"closed","ping_status":"closed","template":"","meta":{"footnotes":"","_links_to":"","_links_to_target":""},"class_list":["post-48","page","type-page","status-publish","hentry"],"_links":{"self":[{"href":"http:\/\/frick.fr\/usa\/index.php?rest_route=\/wp\/v2\/pages\/48","targetHints":{"allow":["GET"]}}],"collection":[{"href":"http:\/\/frick.fr\/usa\/index.php?rest_route=\/wp\/v2\/pages"}],"about":[{"href":"http:\/\/frick.fr\/usa\/index.php?rest_route=\/wp\/v2\/types\/page"}],"author":[{"embeddable":true,"href":"http:\/\/frick.fr\/usa\/index.php?rest_route=\/wp\/v2\/users\/1"}],"replies":[{"embeddable":true,"href":"http:\/\/frick.fr\/usa\/index.php?rest_route=%2Fwp%2Fv2%2Fcomments&post=48"}],"version-history":[{"count":1,"href":"http:\/\/frick.fr\/usa\/index.php?rest_route=\/wp\/v2\/pages\/48\/revisions"}],"predecessor-version":[{"id":195,"href":"http:\/\/frick.fr\/usa\/index.php?rest_route=\/wp\/v2\/pages\/48\/revisions\/195"}],"up":[{"embeddable":true,"href":"http:\/\/frick.fr\/usa\/index.php?rest_route=\/wp\/v2\/pages\/47"}],"wp:attachment":[{"href":"http:\/\/frick.fr\/usa\/index.php?rest_route=%2Fwp%2Fv2%2Fmedia&parent=48"}],"curies":[{"name":"wp","href":"https:\/\/api.w.org\/{rel}","templated":true}]}}