{"id":47,"date":"2019-03-22T19:14:17","date_gmt":"2019-03-22T18:14:17","guid":{"rendered":"http:\/\/www.frick.fr\/u_s_a\/?page_id=44"},"modified":"2019-07-20T18:38:41","modified_gmt":"2019-07-20T16:38:41","slug":"sur-la-route-des-keys","status":"publish","type":"page","link":"http:\/\/frick.fr\/usa\/?page_id=47","title":{"rendered":"Sur la route des Keys"},"content":{"rendered":"<p style=\"text-align: justify;\">Les Keys se composent d&rsquo;un millier d&rsquo;\u00eeles et d&rsquo;\u00eelots. Exception faite des \u00eeles sablonneuses situ\u00e9es \u00e0 l&rsquo;extr\u00e9mit\u00e9 nord de l&rsquo;archipel, les Keys constituent les derniers vestiges de vastes r\u00e9cifs qui commenc\u00e8rent \u00e0 se former ici, il y a de 10 \u00e0 15 millions d&rsquo;ann\u00e9es, alors qu&rsquo;une mer peu profonde submergeait la r\u00e9gion.<\/p>\n","protected":false},"excerpt":{"rendered":"<p>Les Keys se composent d&rsquo;un millier d&rsquo;\u00eeles et d&rsquo;\u00eelots. Exception faite des \u00eeles sablonneuses situ\u00e9es \u00e0 l&rsquo;extr\u00e9mit\u00e9 nord de l&rsquo;archipel, les Keys constituent les derniers vestiges de vastes r\u00e9cifs qui commenc\u00e8rent \u00e0 se former ici, il y a de 10 \u00e0 15 millions d&rsquo;ann\u00e9es, alors qu&rsquo;une mer peu profonde submergeait la r\u00e9gion.<\/p>\n","protected":false},"author":1,"featured_media":0,"parent":0,"menu_order":30,"comment_status":"closed","ping_status":"closed","template":"","meta":{"footnotes":"","_links_to":"","_links_to_target":""},"class_list":["post-47","page","type-page","status-publish","hentry"],"_links":{"self":[{"href":"http:\/\/frick.fr\/usa\/index.php?rest_route=\/wp\/v2\/pages\/47","targetHints":{"allow":["GET"]}}],"collection":[{"href":"http:\/\/frick.fr\/usa\/index.php?rest_route=\/wp\/v2\/pages"}],"about":[{"href":"http:\/\/frick.fr\/usa\/index.php?rest_route=\/wp\/v2\/types\/page"}],"author":[{"embeddable":true,"href":"http:\/\/frick.fr\/usa\/index.php?rest_route=\/wp\/v2\/users\/1"}],"replies":[{"embeddable":true,"href":"http:\/\/frick.fr\/usa\/index.php?rest_route=%2Fwp%2Fv2%2Fcomments&post=47"}],"version-history":[{"count":1,"href":"http:\/\/frick.fr\/usa\/index.php?rest_route=\/wp\/v2\/pages\/47\/revisions"}],"predecessor-version":[{"id":193,"href":"http:\/\/frick.fr\/usa\/index.php?rest_route=\/wp\/v2\/pages\/47\/revisions\/193"}],"wp:attachment":[{"href":"http:\/\/frick.fr\/usa\/index.php?rest_route=%2Fwp%2Fv2%2Fmedia&parent=47"}],"curies":[{"name":"wp","href":"https:\/\/api.w.org\/{rel}","templated":true}]}}