{"id":45,"date":"2019-03-22T19:13:43","date_gmt":"2019-03-22T18:13:43","guid":{"rendered":"http:\/\/www.frick.fr\/u_s_a\/?page_id=40"},"modified":"2019-07-22T10:55:59","modified_gmt":"2019-07-22T08:55:59","slug":"new-orleans-louisiane","status":"publish","type":"page","link":"http:\/\/frick.fr\/usa\/?page_id=45","title":{"rendered":"New-Orleans, Louisiana"},"content":{"rendered":"<p style=\"text-align: justify;\">La Nouvelle-Orl\u00e9ans est une ville de Louisiane situ\u00e9e sur les rives du Mississippi, \u00e0 proximit\u00e9 du golfe du Mexique. Surnomm\u00e9e \u00ab\u00a0Big Easy\u00a0\u00bb, elle est r\u00e9put\u00e9e pour sa vie nocturne, ses concerts de musique et sa cuisine \u00e9pic\u00e9e et singuli\u00e8re refl\u00e9tant le brassage des cultures fran\u00e7aise, africaine et am\u00e9ricaine. Mardi Gras, le carnaval de fin d&rsquo;hiver renomm\u00e9 pour ses d\u00e9fil\u00e9s costum\u00e9s et ses f\u00eates de rue, incarne l&rsquo;esprit festif de la ville. Berceau du jazz, La Nouvelle-Orl\u00e9ans est marqu\u00e9e par l&rsquo;h\u00e9ritage colonial fran\u00e7ais, que l&rsquo;on retrouve aussi bien dans la toponymie que dans l&rsquo;architecture ou les traditions locales.<\/p>\n<p style=\"text-align: justify;\">Fond\u00e9e en 1718 par Jean-Baptiste Le Moyne, sieur de Bienville, et des colons fran\u00e7ais, son nom est choisi en l&rsquo;honneur du r\u00e9gent Philippe, duc d&rsquo;Orl\u00e9ans. Nomm\u00e9e capitale de la Louisiane en 1722, elle est construite ex nihilo selon un plan en damier sym\u00e9trique. Elle devient peu \u00e0 peu un centre commercial, exportant vers l&rsquo;Europe des peaux et fourrures produites par les Am\u00e9rindiens ainsi que des produits de plantations (indigotier, tabac). C\u00e9d\u00e9e \u00e0 l&rsquo;Empire espagnol puis reprise par la France, la ville est d\u00e9finitivement vendue aux \u00c9tats-Unis, avec la Louisiane, par Napol\u00e9on Bonaparte en 1803. En 1880, elle perd son statut de capitale d&rsquo;\u00c9tat au profit de Baton Rouge. Modernis\u00e9e au d\u00e9but du xxe si\u00e8cle, gr\u00e2ce \u00e0 la cr\u00e9ation de digues et de canaux ainsi que d&rsquo;un r\u00e9seau de streetcars, La Nouvelle-Orl\u00e9ans perd 30 % de sa population apr\u00e8s le passage de l&rsquo;ouragan Katrina le 29 ao\u00fbt 2005, qui entra\u00eene d&rsquo;importantes inondations et destructions de b\u00e2timents.<\/p>\n<p style=\"text-align: justify;\">Peupl\u00e9e \u00e0 plus de 65 % d&rsquo;Afro-Am\u00e9ricains, La Nouvelle-Orl\u00e9ans devient d\u00e8s 1910 un lieu de bouillonnement artistique et musical. Foyer de la musique afro-am\u00e9ricaine, elle voit \u00e9merger de nombreux artistes de blues, de jazz, comme Louis Armstrong et Sidney Bechet \u2014 tous deux n\u00e9s dans la ville \u2014 mais aussi de musique dite cadienne. En outre, la ville poss\u00e8de un important patrimoine colonial fran\u00e7ais, notamment dans le Vieux carr\u00e9 fran\u00e7ais, le Faubourg Marigny et Trem\u00e9 ainsi que celui de Fontainebleau. Certains de ses habitants, descendants des cr\u00e9oles fran\u00e7ais4, parlent encore le fran\u00e7ais et le Mardi gras est f\u00eat\u00e9 chaque ann\u00e9e. L&rsquo;atmosph\u00e8re chaleureuse et bruyante de la Nouvelle-Orl\u00e9ans a inspir\u00e9 beaucoup d&rsquo;artistes, dont l&rsquo;\u00e9crivain Tennessee Williams qui en fit le th\u00e9\u00e2tre de sa c\u00e9l\u00e8bre pi\u00e8ce Un tramway nomm\u00e9 D\u00e9sir. Enfin, la ville accueille plusieurs \u00e9quipes sportives, dont la franchise NBA des Pelicans de La Nouvelle-Orl\u00e9ans. <a href=\"https:\/\/fr.wikipedia.org\/wiki\/La_Nouvelle-Orl%C3%A9ans\" target=\"_blank\" rel=\"noopener noreferrer\">La suite sur Wikip\u00e9dia<\/a><\/p>\n<div class=\"su-spacer\" style=\"height:50px\"><\/div>\n<div class=\"su-row\">\n<div class=\"su-column su-column-size-1-3\"><div class=\"su-column-inner su-u-clearfix su-u-trim\">\n<h3 style=\"text-align: center;\"><a href=\"http:\/\/frick.fr\/usa\/?page_id=51\">Le Quartier Fran\u00e7ais<\/a><\/h3>\n<p><a href=\"http:\/\/frick.fr\/usa\/?page_id=51\"><img loading=\"lazy\" decoding=\"async\" class=\"aligncenter size-medium wp-image-258\" src=\"http:\/\/frick.fr\/usa\/wp-content\/uploads\/2019\/07\/frick_usa_059-300x225.jpg\" alt=\"\" width=\"300\" height=\"225\" srcset=\"http:\/\/frick.fr\/usa\/wp-content\/uploads\/2019\/07\/frick_usa_059-300x225.jpg 300w, http:\/\/frick.fr\/usa\/wp-content\/uploads\/2019\/07\/frick_usa_059-768x576.jpg 768w, http:\/\/frick.fr\/usa\/wp-content\/uploads\/2019\/07\/frick_usa_059-1024x768.jpg 1024w, http:\/\/frick.fr\/usa\/wp-content\/uploads\/2019\/07\/frick_usa_059.jpg 1200w\" sizes=\"auto, (max-width: 300px) 100vw, 300px\" \/><\/a><\/p>\n<p style=\"text-align: justify;\">Le Vieux carr\u00e9 fran\u00e7ais est le c\u0153ur historique de la ville. Il est c\u00e9l\u00e8bre pour sa vie nocturne anim\u00e9e et ses b\u00e2timents color\u00e9s aux balcons en fonte.\u00a0 <a href=\"http:\/\/frick.fr\/usa\/?page_id=51\">Lire la suite &#8230;<\/a><\/p>\n<\/div><\/div>\n<div class=\"su-column su-column-size-1-3\"><div class=\"su-column-inner su-u-clearfix su-u-trim\">\n<h3 style=\"text-align: center;\"><a href=\"http:\/\/frick.fr\/usa\/?page_id=53\">Trem\u00e9<\/a><\/h3>\n<p><a href=\"http:\/\/frick.fr\/usa\/?page_id=53\"><img loading=\"lazy\" decoding=\"async\" class=\"aligncenter size-medium wp-image-366\" src=\"http:\/\/frick.fr\/usa\/wp-content\/uploads\/2019\/07\/frick_usa_109-300x225.jpg\" alt=\"\" width=\"300\" height=\"225\" srcset=\"http:\/\/frick.fr\/usa\/wp-content\/uploads\/2019\/07\/frick_usa_109-300x225.jpg 300w, http:\/\/frick.fr\/usa\/wp-content\/uploads\/2019\/07\/frick_usa_109-768x576.jpg 768w, http:\/\/frick.fr\/usa\/wp-content\/uploads\/2019\/07\/frick_usa_109-1024x768.jpg 1024w, http:\/\/frick.fr\/usa\/wp-content\/uploads\/2019\/07\/frick_usa_109.jpg 1200w\" sizes=\"auto, (max-width: 300px) 100vw, 300px\" \/><\/a><\/p>\n<p style=\"text-align: justify;\">Treme est connu pour ses clubs de jazz, ses restaurants de cuisine afro-am\u00e9ricaine et ses centres culturels mettant \u00e0 l&rsquo;honneur le patrimoine afro-am\u00e9ricain et cr\u00e9ole du quartier. <a href=\"http:\/\/frick.fr\/usa\/?page_id=53\">Lire la suite &#8230;<\/a><\/p>\n<\/div><\/div>\n<div class=\"su-column su-column-size-1-3\"><div class=\"su-column-inner su-u-clearfix su-u-trim\">\n<h3 style=\"text-align: center;\"><a href=\"http:\/\/frick.fr\/usa\/?page_id=55\">Garden District<\/a><\/h3>\n<p><a href=\"http:\/\/frick.fr\/usa\/?page_id=55\"><img loading=\"lazy\" decoding=\"async\" class=\"aligncenter size-medium wp-image-407\" src=\"http:\/\/frick.fr\/usa\/wp-content\/uploads\/2019\/07\/frick_usa_155-300x225.jpg\" alt=\"\" width=\"300\" height=\"225\" srcset=\"http:\/\/frick.fr\/usa\/wp-content\/uploads\/2019\/07\/frick_usa_155-300x225.jpg 300w, http:\/\/frick.fr\/usa\/wp-content\/uploads\/2019\/07\/frick_usa_155-768x576.jpg 768w, http:\/\/frick.fr\/usa\/wp-content\/uploads\/2019\/07\/frick_usa_155-1024x768.jpg 1024w, http:\/\/frick.fr\/usa\/wp-content\/uploads\/2019\/07\/frick_usa_155.jpg 1200w\" sizes=\"auto, (max-width: 300px) 100vw, 300px\" \/><\/a><\/p>\n<p style=\"text-align: justify;\">Dans le charmant Garden District, les rues ombrag\u00e9es par les ch\u00eanes sont bord\u00e9es de maisons aux styles vari\u00e9s, des cottages de plain-pied aux manoirs historiques <a href=\"http:\/\/frick.fr\/usa\/?page_id=55\">Lire la suite &#8230;<\/a><\/p>\n<\/div><\/div>\n<div class=\"su-spacer\" style=\"height:50px\"><\/div>\n<\/div>\n<p>&nbsp;<\/p>\n<p>&nbsp;<\/p>\n","protected":false},"excerpt":{"rendered":"<p>La Nouvelle-Orl\u00e9ans est une ville de Louisiane situ\u00e9e sur les rives du Mississippi, \u00e0 proximit\u00e9 du golfe du Mexique. Surnomm\u00e9e \u00ab\u00a0Big Easy\u00a0\u00bb, elle est r\u00e9put\u00e9e pour sa vie nocturne, ses concerts de musique et sa cuisine \u00e9pic\u00e9e et singuli\u00e8re refl\u00e9tant le brassage des cultures fran\u00e7aise, africaine et am\u00e9ricaine. Mardi Gras, le carnaval de fin d&rsquo;hiver [&hellip;]<\/p>\n","protected":false},"author":1,"featured_media":0,"parent":0,"menu_order":10,"comment_status":"closed","ping_status":"closed","template":"","meta":{"footnotes":"","_links_to":"","_links_to_target":""},"class_list":["post-45","page","type-page","status-publish","hentry"],"_links":{"self":[{"href":"http:\/\/frick.fr\/usa\/index.php?rest_route=\/wp\/v2\/pages\/45","targetHints":{"allow":["GET"]}}],"collection":[{"href":"http:\/\/frick.fr\/usa\/index.php?rest_route=\/wp\/v2\/pages"}],"about":[{"href":"http:\/\/frick.fr\/usa\/index.php?rest_route=\/wp\/v2\/types\/page"}],"author":[{"embeddable":true,"href":"http:\/\/frick.fr\/usa\/index.php?rest_route=\/wp\/v2\/users\/1"}],"replies":[{"embeddable":true,"href":"http:\/\/frick.fr\/usa\/index.php?rest_route=%2Fwp%2Fv2%2Fcomments&post=45"}],"version-history":[{"count":5,"href":"http:\/\/frick.fr\/usa\/index.php?rest_route=\/wp\/v2\/pages\/45\/revisions"}],"predecessor-version":[{"id":430,"href":"http:\/\/frick.fr\/usa\/index.php?rest_route=\/wp\/v2\/pages\/45\/revisions\/430"}],"wp:attachment":[{"href":"http:\/\/frick.fr\/usa\/index.php?rest_route=%2Fwp%2Fv2%2Fmedia&parent=45"}],"curies":[{"name":"wp","href":"https:\/\/api.w.org\/{rel}","templated":true}]}}