{"id":116,"date":"2019-07-20T16:04:14","date_gmt":"2019-07-20T14:04:14","guid":{"rendered":"http:\/\/frick.fr\/usa\/?page_id=116"},"modified":"2019-07-20T18:47:56","modified_gmt":"2019-07-20T16:47:56","slug":"home","status":"publish","type":"page","link":"http:\/\/frick.fr\/usa\/","title":{"rendered":"Home"},"content":{"rendered":"<div class=\"su-spacer\" style=\"height:50px\"><\/div>\n<div class=\"su-row\">\n<div class=\"su-column su-column-size-1-5\"><div class=\"su-column-inner su-u-clearfix su-u-trim\">\n<p><img loading=\"lazy\" decoding=\"async\" class=\"size-thumbnail wp-image-167 aligncenter\" src=\"http:\/\/frick.fr\/usa\/wp-content\/uploads\/2019\/07\/Drapeau-Louisiane-150x150.jpg\" alt=\"\" width=\"150\" height=\"150\" \/><\/p>\n<\/div><\/div>\n<div class=\"su-column su-column-size-3-5\"><div class=\"su-column-inner su-u-clearfix su-u-trim\">\n<h3>Comment allez-vous ?<\/h3>\n<p style=\"text-align: justify;\"><span style=\"font-size: 12pt;\">Que souhaitez-vous faire aujourd&rsquo;hui ? Fl\u00e2ner dans le quartier fran\u00e7ais? Danser \u00e0 la Nouvelle Orl\u00e9ans ? Visiter les bayous? Faire les Flics \u00e0 Miami ou sauter d&rsquo;\u00eele en \u00eele ? Choisissez, ou pas, mais laissez vous emporter par l&rsquo;authenticit\u00e9 et l&rsquo;originalit\u00e9 de ces deux \u00e9tats que sont La Louisiane et La Floride.<\/span><\/p>\n<\/div><\/div>\n<div class=\"su-column su-column-size-1-5\"><div class=\"su-column-inner su-u-clearfix su-u-trim\">\n<p><img loading=\"lazy\" decoding=\"async\" class=\"aligncenter size-thumbnail wp-image-166\" src=\"http:\/\/frick.fr\/usa\/wp-content\/uploads\/2019\/07\/Drapeau-Floride-150x150.jpg\" alt=\"\" width=\"150\" height=\"150\" \/><\/p>\n<\/div><\/div>\n<\/div>\n<div class=\"su-spacer\" style=\"height:80px\"><\/div>\n<div class=\"su-row\">\n<div class=\"su-column su-column-size-1-4\"><div class=\"su-column-inner su-u-clearfix su-u-trim\">\n<h3 style=\"text-align: center;\"><a href=\"http:\/\/frick.fr\/usa\/?p=107\">La Nouvelle Orl\u00e9ans<\/a><\/h3>\n<p><a href=\"http:\/\/frick.fr\/usa\/?p=107\"><img loading=\"lazy\" decoding=\"async\" class=\"aligncenter size-medium wp-image-179\" src=\"http:\/\/frick.fr\/usa\/wp-content\/uploads\/2019\/07\/home-01-300x201.jpg\" alt=\"\" width=\"300\" height=\"201\" srcset=\"http:\/\/frick.fr\/usa\/wp-content\/uploads\/2019\/07\/home-01-300x201.jpg 300w, http:\/\/frick.fr\/usa\/wp-content\/uploads\/2019\/07\/home-01-768x514.jpg 768w, http:\/\/frick.fr\/usa\/wp-content\/uploads\/2019\/07\/home-01-1024x685.jpg 1024w, http:\/\/frick.fr\/usa\/wp-content\/uploads\/2019\/07\/home-01.jpg 1196w\" sizes=\"auto, (max-width: 300px) 100vw, 300px\" \/><\/a><\/p>\n<p style=\"text-align: justify;\">La Nouvelle-Orl\u00e9ans est une ville de Louisiane situ\u00e9e sur les rives du Mississippi, \u00e0 proximit\u00e9 du golfe du Mexique. Surnomm\u00e9e \u00ab\u00a0Big Easy\u00a0\u00bb, <a href=\"http:\/\/frick.fr\/usa\/?p=107\">Lire la suite &#8230;<\/a><\/p>\n<\/div><\/div>\n<div class=\"su-column su-column-size-1-4\"><div class=\"su-column-inner su-u-clearfix su-u-trim\">\n<h3 style=\"text-align: center;\"><a href=\"http:\/\/frick.fr\/usa\/?page_id=46\">La Louisiane<\/a><\/h3>\n<p><a href=\"http:\/\/frick.fr\/usa\/?page_id=46\"><img loading=\"lazy\" decoding=\"async\" class=\"aligncenter size-medium wp-image-180\" src=\"http:\/\/frick.fr\/usa\/wp-content\/uploads\/2019\/07\/home-02-300x200.jpg\" alt=\"\" width=\"300\" height=\"200\" srcset=\"http:\/\/frick.fr\/usa\/wp-content\/uploads\/2019\/07\/home-02-300x200.jpg 300w, http:\/\/frick.fr\/usa\/wp-content\/uploads\/2019\/07\/home-02-768x512.jpg 768w, http:\/\/frick.fr\/usa\/wp-content\/uploads\/2019\/07\/home-02-1024x683.jpg 1024w, http:\/\/frick.fr\/usa\/wp-content\/uploads\/2019\/07\/home-02.jpg 1200w\" sizes=\"auto, (max-width: 300px) 100vw, 300px\" \/><\/a><\/p>\n<p style=\"text-align: justify;\">La Louisiane est un \u00c9tat situ\u00e9 au sud-est des \u00c9tats-Unis, au bord du golfe du Mexique. Son histoire m\u00eale diff\u00e9rentes cultures, <a href=\"http:\/\/frick.fr\/usa\/?page_id=46\">Lire la suite &#8230;<\/a><\/p>\n<\/div><\/div>\n<div class=\"su-column su-column-size-1-4\"><div class=\"su-column-inner su-u-clearfix su-u-trim\">\n<h3 style=\"text-align: center;\"><a href=\"http:\/\/frick.fr\/usa\/?page_id=47\">La route des Keys<\/a><\/h3>\n<p><a href=\"http:\/\/frick.fr\/usa\/?page_id=47\"><img loading=\"lazy\" decoding=\"async\" class=\"aligncenter size-medium wp-image-182\" src=\"http:\/\/frick.fr\/usa\/wp-content\/uploads\/2019\/07\/home-04-300x199.jpg\" alt=\"\" width=\"300\" height=\"199\" srcset=\"http:\/\/frick.fr\/usa\/wp-content\/uploads\/2019\/07\/home-04-300x199.jpg 300w, http:\/\/frick.fr\/usa\/wp-content\/uploads\/2019\/07\/home-04-768x510.jpg 768w, http:\/\/frick.fr\/usa\/wp-content\/uploads\/2019\/07\/home-04-1024x680.jpg 1024w, http:\/\/frick.fr\/usa\/wp-content\/uploads\/2019\/07\/home-04.jpg 1204w\" sizes=\"auto, (max-width: 300px) 100vw, 300px\" \/><\/a><\/p>\n<p style=\"text-align: justify;\">Les Keys se composent d&rsquo;un millier d&rsquo;\u00eeles et d&rsquo;\u00eelots et constituent les derniers vestiges de vastes r\u00e9cifs qui commenc\u00e8rent <a href=\"http:\/\/frick.fr\/usa\/?page_id=47\">Lire la suite &#8230;<\/a><\/p>\n<\/div><\/div>\n<div class=\"su-column su-column-size-1-4\"><div class=\"su-column-inner su-u-clearfix su-u-trim\">\n<h3 style=\"text-align: center;\"><a href=\"http:\/\/frick.fr\/usa\/?page_id=48\">Miami Beach<\/a><\/h3>\n<p><a href=\"http:\/\/frick.fr\/usa\/?page_id=48\"><img loading=\"lazy\" decoding=\"async\" class=\"aligncenter size-medium wp-image-184\" src=\"http:\/\/frick.fr\/usa\/wp-content\/uploads\/2019\/07\/home-06-300x200.jpg\" alt=\"\" width=\"300\" height=\"200\" srcset=\"http:\/\/frick.fr\/usa\/wp-content\/uploads\/2019\/07\/home-06-300x200.jpg 300w, http:\/\/frick.fr\/usa\/wp-content\/uploads\/2019\/07\/home-06-768x511.jpg 768w, http:\/\/frick.fr\/usa\/wp-content\/uploads\/2019\/07\/home-06-1024x681.jpg 1024w, http:\/\/frick.fr\/usa\/wp-content\/uploads\/2019\/07\/home-06.jpg 1203w\" sizes=\"auto, (max-width: 300px) 100vw, 300px\" \/><\/a><\/p>\n<p style=\"text-align: justify;\">Miami Beach est une ville insulaire du sud de la Floride. Elle est reli\u00e9e par des ponts \u00e0 la partie continentale de Miami. <a href=\"http:\/\/frick.fr\/usa\/?page_id=48\">Lire la suite &#8230;<\/a><\/p>\n<\/div><\/div>\n<div class=\"su-spacer\" style=\"height:50px\"><\/div>\n<\/div>\n<h2 style=\"text-align: center;\">Les diff\u00e9rentes \u00e9tapes de notre ballade<\/h2>\n<p>&nbsp;<\/p>\n<p><img loading=\"lazy\" decoding=\"async\" class=\"aligncenter size-full wp-image-197\" src=\"http:\/\/frick.fr\/usa\/wp-content\/uploads\/2019\/07\/slide-02.jpg\" alt=\"\" width=\"700\" height=\"369\" srcset=\"http:\/\/frick.fr\/usa\/wp-content\/uploads\/2019\/07\/slide-02.jpg 700w, http:\/\/frick.fr\/usa\/wp-content\/uploads\/2019\/07\/slide-02-300x158.jpg 300w\" sizes=\"auto, (max-width: 700px) 100vw, 700px\" \/><\/p>\n<div class=\"su-row\">\n<\/div>\n<p>&nbsp;<\/p>\n<p>&nbsp;<\/p>\n","protected":false},"excerpt":{"rendered":"<p>Les diff\u00e9rentes \u00e9tapes de notre ballade &nbsp; &nbsp; &nbsp;<\/p>\n","protected":false},"author":1,"featured_media":0,"parent":0,"menu_order":0,"comment_status":"closed","ping_status":"closed","template":"","meta":{"footnotes":"","_links_to":"","_links_to_target":""},"class_list":["post-116","page","type-page","status-publish","hentry"],"_links":{"self":[{"href":"http:\/\/frick.fr\/usa\/index.php?rest_route=\/wp\/v2\/pages\/116","targetHints":{"allow":["GET"]}}],"collection":[{"href":"http:\/\/frick.fr\/usa\/index.php?rest_route=\/wp\/v2\/pages"}],"about":[{"href":"http:\/\/frick.fr\/usa\/index.php?rest_route=\/wp\/v2\/types\/page"}],"author":[{"embeddable":true,"href":"http:\/\/frick.fr\/usa\/index.php?rest_route=\/wp\/v2\/users\/1"}],"replies":[{"embeddable":true,"href":"http:\/\/frick.fr\/usa\/index.php?rest_route=%2Fwp%2Fv2%2Fcomments&post=116"}],"version-history":[{"count":5,"href":"http:\/\/frick.fr\/usa\/index.php?rest_route=\/wp\/v2\/pages\/116\/revisions"}],"predecessor-version":[{"id":200,"href":"http:\/\/frick.fr\/usa\/index.php?rest_route=\/wp\/v2\/pages\/116\/revisions\/200"}],"wp:attachment":[{"href":"http:\/\/frick.fr\/usa\/index.php?rest_route=%2Fwp%2Fv2%2Fmedia&parent=116"}],"curies":[{"name":"wp","href":"https:\/\/api.w.org\/{rel}","templated":true}]}}